{"id":1067,"date":"2024-07-05T18:43:50","date_gmt":"2024-07-05T06:43:50","guid":{"rendered":"https:\/\/bevisa.co.nz\/?page_id=1067"},"modified":"2024-07-08T22:57:56","modified_gmt":"2024-07-08T10:57:56","slug":"student-visa","status":"publish","type":"page","link":"https:\/\/bevisa.co.nz\/vi\/visa-services\/student-visa\/","title":{"rendered":"VISA DU H\u1eccC"},"content":{"rendered":"<div class=\"wp-block-group alignfull gutenify-section-6017f360-0c0b-11ee-b09c-4b7018a9c015 is-layout-constrained wp-block-group-is-layout-constrained\" style=\"padding-top:100px;padding-right:30px;padding-bottom:100px;padding-left:30px\">\n<div class=\"wp-block-columns alignwide gutenify-section-600fdd10-0c0b-11ee-b09c-4b7018a9c015 is-layout-flex wp-container-core-columns-is-layout-1 wp-block-columns-is-layout-flex\" style=\"padding-top:0;padding-right:0;padding-bottom:0;padding-left:0\">\n<div class=\"wp-block-column is-vertically-aligned-center gutenify-section-600c0c80-0c0b-11ee-b09c-4b7018a9c015 is-layout-flow wp-block-column-is-layout-flow\" style=\"flex-basis:50%\">\n<div class=\"wp-block-cover has-custom-content-position is-position-bottom-left gutenify-section-bd5b2d00-e427-11ed-aa12-7b96afc3ead5\" style=\"padding-top:var(--wp--preset--spacing--50);padding-right:var(--wp--preset--spacing--50);padding-bottom:var(--wp--preset--spacing--50);padding-left:var(--wp--preset--spacing--50);min-height:734px;aspect-ratio:unset;\"><span aria-hidden=\"true\" class=\"wp-block-cover__background has-foreground-background-color has-background-dim-30 has-background-dim\"><\/span><img loading=\"lazy\" decoding=\"async\" width=\"1080\" height=\"1080\" class=\"wp-block-cover__image-background wp-image-1535\" alt=\"\" src=\"https:\/\/bevisa.co.nz\/wp-content\/uploads\/2024\/07\/Untitled-design-4.jpg\" data-object-fit=\"cover\" srcset=\"https:\/\/bevisa.co.nz\/wp-content\/uploads\/2024\/07\/Untitled-design-4.jpg 1080w, https:\/\/bevisa.co.nz\/wp-content\/uploads\/2024\/07\/Untitled-design-4-300x300.jpg 300w, https:\/\/bevisa.co.nz\/wp-content\/uploads\/2024\/07\/Untitled-design-4-1024x1024.jpg 1024w, https:\/\/bevisa.co.nz\/wp-content\/uploads\/2024\/07\/Untitled-design-4-150x150.jpg 150w, https:\/\/bevisa.co.nz\/wp-content\/uploads\/2024\/07\/Untitled-design-4-768x768.jpg 768w, https:\/\/bevisa.co.nz\/wp-content\/uploads\/2024\/07\/Untitled-design-4-12x12.jpg 12w\" sizes=\"(max-width: 1080px) 100vw, 1080px\" \/><div class=\"wp-block-cover__inner-container is-layout-flow wp-block-cover-is-layout-flow\">\n<p class=\"has-text-align-center has-large-font-size gutenify-section-ec1223e0-3ab8-11ef-994d-15720d961505\"><\/p>\n<\/div><\/div>\n<\/div>\n\n\n\n<div class=\"wp-block-column is-vertically-aligned-center gutenify-section-600f67e0-0c0b-11ee-b09c-4b7018a9c015 is-layout-flow wp-block-column-is-layout-flow\" style=\"padding-top:40px;padding-right:40px;padding-bottom:40px;padding-left:40px\">\n<div class=\"wp-block-group alignwide gutenify-section-600ef2b0-0c0b-11ee-b09c-4b7018a9c015 is-layout-constrained wp-container-core-group-is-layout-2 wp-block-group-is-layout-constrained\">\n<div class=\"wp-block-group gutenify-section-600ccfd0-0c0b-11ee-b09c-4b7018a9c015 is-nowrap is-layout-flex wp-container-core-group-is-layout-1 wp-block-group-is-layout-flex\">\n<p class=\"has-text-align-center has-no-hover-shadow-dark has-primary-color has-background-background-color has-text-color has-background has-small-font-size gutenify-section-81b56d20-0d11-11ee-9f35-df9dda01b8e3\" style=\"padding-top:4px;padding-right:var(--wp--preset--spacing--40);padding-bottom:4px;padding-left:var(--wp--preset--spacing--40);letter-spacing:0px\"><strong><strong>VISA DU H\u1eccC<\/strong><\/strong><\/p>\n<\/div>\n\n\n\n<h2 class=\"wp-block-heading has-slider-title-font-size gutenify-section-600d1df0-0c0b-11ee-b09c-4b7018a9c015\" style=\"font-style:normal;font-weight:600;text-transform:capitalize\"><strong>Visa du h\u1ecdc tr\u1ea3 to\u00e0n b\u1ed9 h\u1ecdc ph\u00ed<\/strong><\/h2>\n\n\n\n<p class=\"gutenify-section-600d6c10-0c0b-11ee-b09c-4b7018a9c015\">B\u1ea1n l\u00e0 m\u1ed9t du h\u1ecdc sinh qu\u1ed1c t\u1ebf \u0111ang m\u01a1 \u01b0\u1edbc h\u1ecdc t\u1eadp t\u1ea1i New Zealand? <\/p>\n\n\n\n<p class=\"gutenify-section-1fe9c6f0-3ab9-11ef-994d-15720d961505\">Visa Du H\u1ecdc Tr\u1ea3 to\u00e0n b\u1ed9 h\u1ecdc Ph\u00ed cho ph\u00e9p b\u1ea1n theo \u0111u\u1ed5i m\u1ee5c ti\u00eau gi\u00e1o d\u1ee5c c\u1ee7a m\u00ecnh t\u1ea1i m\u1ed9t trong nh\u1eefng qu\u1ed1c gia xinh \u0111\u1eb9p v\u00e0 n\u0103ng \u0111\u1ed9ng nh\u1ea5t th\u1ebf gi\u1edbi. <\/p>\n\n\n\n<p class=\"gutenify-section-244c0fa0-3ab9-11ef-994d-15720d961505\">Visa n\u00e0y cho ph\u00e9p b\u1ea1n \u0111\u0103ng k\u00fd v\u00e0o m\u1ed9t kh\u00f3a h\u1ecdc \u0111\u01b0\u1ee3c ch\u1ea5p thu\u1eadn t\u1ea1i m\u1ed9t c\u01a1 s\u1edf gi\u00e1o d\u1ee5c c\u1ee7a New Zealand, cung c\u1ea5p cho b\u1ea1n c\u01a1 h\u1ed9i nh\u1eadn \u0111\u01b0\u1ee3c m\u1ed9t n\u1ec1n gi\u00e1o d\u1ee5c \u0111\u1eb3ng c\u1ea5p th\u1ebf gi\u1edbi trong khi tr\u1ea3i nghi\u1ec7m v\u0103n h\u00f3a Kiwi \u0111\u1ed9c \u0111\u00e1o.<\/p>\n<\/div>\n<\/div>\n<\/div>\n<\/div>\n\n\n\n<div class=\"wp-block-group alignfull gutenify-section-64511b20-3ac5-11ef-994d-15720d961505 is-layout-constrained wp-block-group-is-layout-constrained\" style=\"padding-top:100px;padding-right:30px;padding-bottom:100px;padding-left:30px\">\n<div class=\"wp-block-columns alignwide gutenify-section-644d71a0-3ac5-11ef-994d-15720d961505 is-layout-flex wp-container-core-columns-is-layout-2 wp-block-columns-is-layout-flex\" style=\"padding-top:0;padding-right:0;padding-bottom:0;padding-left:0\">\n<div class=\"wp-block-column is-vertically-aligned-center gutenify-section-64372a80-3ac5-11ef-994d-15720d961505 is-layout-flow wp-block-column-is-layout-flow\" style=\"flex-basis:50%\">\n<div class=\"wp-block-cover is-light has-custom-content-position is-position-bottom-left gutenify-section-64322170-3ac5-11ef-994d-15720d961505\" style=\"padding-top:var(--wp--preset--spacing--50);padding-right:var(--wp--preset--spacing--50);padding-bottom:var(--wp--preset--spacing--50);padding-left:var(--wp--preset--spacing--50);min-height:613px;aspect-ratio:unset;\"><span aria-hidden=\"true\" class=\"wp-block-cover__background has-foreground-background-color has-background-dim-40 has-background-dim\"><\/span><img loading=\"lazy\" decoding=\"async\" width=\"960\" height=\"960\" class=\"wp-block-cover__image-background wp-image-1536\" alt=\"\" src=\"https:\/\/bevisa.co.nz\/wp-content\/uploads\/2024\/07\/Student-Requirements-resized.jpg\" data-object-fit=\"cover\" srcset=\"https:\/\/bevisa.co.nz\/wp-content\/uploads\/2024\/07\/Student-Requirements-resized.jpg 960w, https:\/\/bevisa.co.nz\/wp-content\/uploads\/2024\/07\/Student-Requirements-resized-300x300.jpg 300w, https:\/\/bevisa.co.nz\/wp-content\/uploads\/2024\/07\/Student-Requirements-resized-150x150.jpg 150w, https:\/\/bevisa.co.nz\/wp-content\/uploads\/2024\/07\/Student-Requirements-resized-768x768.jpg 768w, https:\/\/bevisa.co.nz\/wp-content\/uploads\/2024\/07\/Student-Requirements-resized-12x12.jpg 12w\" sizes=\"(max-width: 960px) 100vw, 960px\" \/><div class=\"wp-block-cover__inner-container is-layout-flow wp-block-cover-is-layout-flow\">\n<p class=\"has-text-align-center has-large-font-size gutenify-section-fd208570-3ac5-11ef-994d-15720d961505\"><\/p>\n<\/div><\/div>\n<\/div>\n\n\n\n<div class=\"wp-block-column is-vertically-aligned-center gutenify-section-644ad990-3ac5-11ef-994d-15720d961505 is-layout-flow wp-block-column-is-layout-flow\" style=\"padding-top:40px;padding-right:40px;padding-bottom:40px;padding-left:40px\">\n<div class=\"wp-block-group alignwide gutenify-section-6446e1f0-3ac5-11ef-994d-15720d961505 is-layout-constrained wp-container-core-group-is-layout-6 wp-block-group-is-layout-constrained\">\n<div class=\"wp-block-group gutenify-section-643ca8c0-3ac5-11ef-994d-15720d961505 is-nowrap is-layout-flex wp-container-core-group-is-layout-4 wp-block-group-is-layout-flex\">\n<p class=\"has-text-align-center has-no-hover-shadow-dark has-primary-color has-background-background-color has-text-color has-background has-small-font-size gutenify-section-6439e9a0-3ac5-11ef-994d-15720d961505\" style=\"padding-top:4px;padding-right:var(--wp--preset--spacing--40);padding-bottom:4px;padding-left:var(--wp--preset--spacing--40);letter-spacing:0px\"><strong><strong>Y\u00caU C\u1ea6U CH\u00cdNH<\/strong><\/strong><\/p>\n<\/div>\n\n\n\n<h2 class=\"wp-block-heading has-slider-title-font-size gutenify-section-6440a060-3ac5-11ef-994d-15720d961505\" style=\"font-style:normal;font-weight:600;text-transform:capitalize\"><strong>B\u1ea1n c\u1ea7n th\u1ecfa m\u00e3n nh\u1eefng g\u00ec?<\/strong><\/h2>\n\n\n\n<div class=\"wp-block-group gutenify-section-bd5ed680-e427-11ed-aa12-7b96afc3ead5 is-layout-constrained wp-block-group-is-layout-constrained\">\n<ul style=\"line-height:2.5\" class=\"gutenify-list-style-five has-black-color has-text-color gutenify-section-bd5dec20-e427-11ed-aa12-7b96afc3ead5\">\n<li style=\"line-height:1.5\" class=\"gutenify-section-bd5cdab0-e427-11ed-aa12-7b96afc3ead5\"><strong>Th\u01b0 Ch\u1ea5p Nh\u1eadn V\u00e0o Kh\u00f3a H\u1ecdc: <\/strong>B\u1ea1n ph\u1ea3i c\u00f3 th\u01b0 m\u1eddi nh\u1eadp h\u1ecdc t\u1eeb m\u1ed9t nh\u00e0 cung c\u1ea5p gi\u00e1o d\u1ee5c t\u1ea1i New Zealand.<\/li>\n\n\n\n<li style=\"line-height:1.5\" class=\"gutenify-section-c04413b0-3ac5-11ef-994d-15720d961505\"><strong>Ch\u1ee9ng Minh T\u00e0i Ch\u00ednh: <\/strong>B\u1ea1n c\u1ea7n ch\u1ee9ng minh r\u1eb1ng b\u1ea1n c\u00f3 \u0111\u1ee7 t\u00e0i ch\u00ednh \u0111\u1ec3 chi tr\u1ea3 h\u1ecdc ph\u00ed v\u00e0 sinh ho\u1ea1t ph\u00ed trong th\u1eddi gian \u1edf New Zealand.<\/li>\n\n\n\n<li style=\"line-height:1.5\" class=\"gutenify-section-c1be57a0-3ac5-11ef-994d-15720d961505\"><strong>Y\u00eau c\u1ea7u v\u1ec1 s\u1ee9c kh\u1ecfe v\u00e0 ph\u1ea9m ch\u1ea5t: <\/strong>B\u1ea1n ph\u1ea3i \u0111\u00e1p \u1ee9ng c\u00e1c ti\u00eau chu\u1ea9n v\u1ec1 s\u1ee9c kh\u1ecfe v\u00e0 t\u01b0 c\u00e1ch, c\u00f3 th\u1ec3 bao g\u1ed3m cung c\u1ea5p gi\u1ea5y ch\u1ee9ng nh\u1eadn y t\u1ebf v\u00e0 gi\u1ea5y l\u00fd l\u1ecbch t\u01b0 ph\u00e1p.&nbsp;<\/li>\n\n\n\n<li style=\"line-height:1.5\" class=\"gutenify-section-c2f291e0-3ac5-11ef-994d-15720d961505\"><strong>B\u1ea3o Hi\u1ec3m: <\/strong>B\u1ea1n c\u1ea7n c\u00f3 b\u1ea3o hi\u1ec3m y t\u1ebf ph\u00f9 h\u1ee3p trong su\u1ed1t th\u1eddi gian \u1edf.&nbsp;<\/li>\n\n\n\n<li style=\"line-height:1.5\" class=\"gutenify-section-c43e72d0-3ac5-11ef-994d-15720d961505\"><strong>\u00dd \u0110\u1ecbnh Ch\u00e2n Th\u1eadt: <\/strong>B\u1ea1n ph\u1ea3i cho th\u1ea5y r\u1eb1ng m\u1ee5c \u0111\u00edch ch\u00ednh c\u1ee7a b\u1ea1n l\u00e0 h\u1ecdc t\u1eadp v\u00e0 b\u1ea1n d\u1ef1 \u0111\u1ecbnh r\u1eddi New Zealand sau khi ho\u00e0n th\u00e0nh kh\u00f3a h\u1ecdc, tr\u1eeb khi b\u1ea1n \u0111\u1ea1t \u0111\u01b0\u1ee3c t\u00ecnh tr\u1ea1ng ph\u00e1p l\u00fd kh\u00e1c.<\/li>\n<\/ul>\n<\/div>\n<\/div>\n<\/div>\n<\/div>\n<\/div>\n\n\n\n<div class=\"wp-block-group alignfull has-white-background-color has-background gutenify-section-603bf620-0c0b-11ee-b09c-4b7018a9c015 is-layout-constrained wp-block-group-is-layout-constrained\" style=\"border-style:none;border-width:0px;padding-top:100px;padding-right:30px;padding-bottom:100px;padding-left:30px\">\n<div class=\"wp-block-group alignwide gutenify-section-603b80f0-0c0b-11ee-b09c-4b7018a9c015 is-layout-constrained wp-block-group-is-layout-constrained\">\n<div class=\"wp-block-group alignwide gutenify-section-60214230-0c0b-11ee-b09c-4b7018a9c015 is-layout-flow wp-container-core-group-is-layout-9 wp-block-group-is-layout-flow\" style=\"padding-bottom:35px\">\n<div class=\"wp-block-group gutenify-section-602057d0-0c0b-11ee-b09c-4b7018a9c015 is-content-justification-center is-nowrap is-layout-flex wp-container-core-group-is-layout-8 wp-block-group-is-layout-flex\">\n<p class=\"has-text-align-center has-no-hover-shadow-dark has-primary-color has-background-background-color has-text-color has-background has-small-font-size gutenify-section-87e1ee80-0d11-11ee-9f35-df9dda01b8e3\" style=\"padding-top:4px;padding-right:var(--wp--preset--spacing--40);padding-bottom:4px;padding-left:var(--wp--preset--spacing--40);letter-spacing:0px\"><strong>L\u1ee2I \u00cdCH<\/strong><\/p>\n<\/div>\n\n\n\n<h2 class=\"wp-block-heading alignwide has-text-align-center has-foreground-color has-text-color has-slider-title-font-size gutenify-section-6020cd00-0c0b-11ee-b09c-4b7018a9c015\" style=\"margin-right:0rem;margin-left:0rem;padding-right:0;padding-left:0;line-height:1.3;text-transform:capitalize\">L\u1ee3i \u00cdch C\u1ee7a Visa Du H\u1ecdc Tr\u1ea3 To\u00e0n B\u1ed9 H\u1ecdc Ph\u00ed<\/h2>\n<\/div>\n\n\n\n<div class=\"wp-block-columns alignfull gutenify-section-602d7730-0c0b-11ee-b09c-4b7018a9c015 is-layout-flex wp-container-core-columns-is-layout-3 wp-block-columns-is-layout-flex\">\n<div class=\"wp-block-column is-vertically-aligned-center gutenify-section-6031bcf0-0c0b-11ee-b09c-4b7018a9c015 is-layout-flow wp-block-column-is-layout-flow\">\n<div class=\"wp-block-group alignwide has-shadow-dark has-white-background-color has-background gutenify-section-603147c0-0c0b-11ee-b09c-4b7018a9c015 is-layout-constrained wp-container-core-group-is-layout-11 wp-block-group-is-layout-constrained\" style=\"border-radius:5px;padding-top:40px;padding-right:40px;padding-bottom:40px;padding-left:40px\">\n<div class=\"wp-block-group gutenify-section-602e88a0-0c0b-11ee-b09c-4b7018a9c015 is-layout-flow wp-block-group-is-layout-flow\" style=\"padding-bottom:15px\">\n<figure class=\"wp-block-image aligncenter size-full is-resized has-custom-border gutenify-section-602e1370-0c0b-11ee-b09c-4b7018a9c015 wp-duotone-rgb5718891-rgb5718891-1\"><img loading=\"lazy\" decoding=\"async\" width=\"208\" height=\"240\" src=\"https:\/\/bevisa.co.nz\/wp-content\/uploads\/2024\/07\/Global-Education-1.png\" alt=\"\" class=\"wp-image-1114\" style=\"border-radius:0px;width:64px;height:64px\" srcset=\"https:\/\/bevisa.co.nz\/wp-content\/uploads\/2024\/07\/Global-Education-1.png 208w, https:\/\/bevisa.co.nz\/wp-content\/uploads\/2024\/07\/Global-Education-1-10x12.png 10w\" sizes=\"(max-width: 208px) 100vw, 208px\" \/><\/figure>\n<\/div>\n\n\n\n<h3 class=\"wp-block-heading has-text-align-center has-primary-color has-text-color has-link-color gutenify-section-602f24e0-0c0b-11ee-b09c-4b7018a9c015 wp-elements-c2a2dc9bfd7ccd98e656215ee1544cfa\" style=\"margin-top:10px;margin-right:10px;margin-bottom:10px;margin-left:10px\">\u0110\u1eb3ng C\u1ea5p Th\u1ebf Gi\u1edbi<\/h3>\n\n\n\n<p class=\"has-text-align-left gutenify-section-602f9a10-0c0b-11ee-b09c-4b7018a9c015\">Ti\u1ebfp c\u1eadn n\u1ec1n gi\u00e1o d\u1ee5c ch\u1ea5t l\u01b0\u1ee3ng cao v\u00e0 c\u00e1c b\u1eb1ng c\u1ea5p \u0111\u01b0\u1ee3c c\u00f4ng nh\u1eadn to\u00e0n c\u1ea7u t\u1ea1i New Zealand.<\/p>\n<\/div>\n<\/div>\n\n\n\n<div class=\"wp-block-column is-vertically-aligned-center gutenify-section-602512c0-0c0b-11ee-b09c-4b7018a9c015 is-layout-flow wp-block-column-is-layout-flow\">\n<div class=\"wp-block-group alignwide has-shadow-dark has-white-background-color has-background gutenify-section-60249d90-0c0b-11ee-b09c-4b7018a9c015 is-layout-constrained wp-container-core-group-is-layout-13 wp-block-group-is-layout-constrained\" style=\"border-radius:0px;padding-top:40px;padding-right:40px;padding-bottom:40px;padding-left:40px\">\n<div class=\"wp-block-group gutenify-section-60222c90-0c0b-11ee-b09c-4b7018a9c015 is-layout-flow wp-block-group-is-layout-flow\" style=\"padding-bottom:15px\">\n<figure class=\"wp-block-image aligncenter size-full is-resized has-custom-border gutenify-section-6021b760-0c0b-11ee-b09c-4b7018a9c015 wp-duotone-39bc5b-39bc5b-2\"><img loading=\"lazy\" decoding=\"async\" width=\"372\" height=\"344\" src=\"https:\/\/bevisa.co.nz\/wp-content\/uploads\/2024\/07\/Work-Opportunity.png\" alt=\"\" class=\"wp-image-1113\" style=\"border-radius:0px;width:64px;height:64px\" srcset=\"https:\/\/bevisa.co.nz\/wp-content\/uploads\/2024\/07\/Work-Opportunity.png 372w, https:\/\/bevisa.co.nz\/wp-content\/uploads\/2024\/07\/Work-Opportunity-300x277.png 300w, https:\/\/bevisa.co.nz\/wp-content\/uploads\/2024\/07\/Work-Opportunity-13x12.png 13w\" sizes=\"(max-width: 372px) 100vw, 372px\" \/><\/figure>\n<\/div>\n\n\n\n<h3 class=\"wp-block-heading has-text-align-center has-primary-color has-text-color has-link-color gutenify-section-6022c8d0-0c0b-11ee-b09c-4b7018a9c015 wp-elements-6285284a9d76f1dc2ae84077404fd463\" style=\"margin-top:10px;margin-right:10px;margin-bottom:10px;margin-left:10px\">C\u01a1 H\u1ed9i L\u00e0m Vi\u1ec7c<\/h3>\n\n\n\n<p class=\"has-text-align-left gutenify-section-60233e00-0c0b-11ee-b09c-4b7018a9c015\">C\u00f3 th\u1ec3 \u0111\u01b0\u1ee3c ph\u00e9p l\u00e0m vi\u1ec7c b\u00e1n th\u1eddi gian trong th\u1eddi gian h\u1ecdc v\u00e0 to\u00e0n th\u1eddi gian trong c\u00e1c k\u1ef3 ngh\u1ec9.<\/p>\n<\/div>\n<\/div>\n\n\n\n<div class=\"wp-block-column is-vertically-aligned-center gutenify-section-6028e350-0c0b-11ee-b09c-4b7018a9c015 is-layout-flow wp-block-column-is-layout-flow\">\n<div class=\"wp-block-group alignwide has-shadow-dark has-white-background-color has-background gutenify-section-60286e20-0c0b-11ee-b09c-4b7018a9c015 is-layout-constrained wp-container-core-group-is-layout-15 wp-block-group-is-layout-constrained\" style=\"border-radius:5px;padding-top:40px;padding-right:40px;padding-bottom:40px;padding-left:40px\">\n<div class=\"wp-block-group gutenify-section-6025fd20-0c0b-11ee-b09c-4b7018a9c015 is-layout-flow wp-block-group-is-layout-flow\" style=\"padding-bottom:15px\">\n<figure class=\"wp-block-image aligncenter size-full is-resized has-custom-border gutenify-section-602587f0-0c0b-11ee-b09c-4b7018a9c015 wp-duotone-39bc5b-39bc5b-3\"><img loading=\"lazy\" decoding=\"async\" width=\"359\" height=\"360\" src=\"https:\/\/bevisa.co.nz\/wp-content\/uploads\/2024\/07\/pathway-1.png\" alt=\"\" class=\"wp-image-1112\" style=\"border-radius:0px;width:64px;height:64px\" srcset=\"https:\/\/bevisa.co.nz\/wp-content\/uploads\/2024\/07\/pathway-1.png 359w, https:\/\/bevisa.co.nz\/wp-content\/uploads\/2024\/07\/pathway-1-300x300.png 300w, https:\/\/bevisa.co.nz\/wp-content\/uploads\/2024\/07\/pathway-1-150x150.png 150w, https:\/\/bevisa.co.nz\/wp-content\/uploads\/2024\/07\/pathway-1-12x12.png 12w\" sizes=\"(max-width: 359px) 100vw, 359px\" \/><\/figure>\n<\/div>\n\n\n\n<h3 class=\"wp-block-heading has-text-align-center has-primary-color has-text-color has-link-color gutenify-section-60267250-0c0b-11ee-b09c-4b7018a9c015 wp-elements-0af4eaf2072d26c2137884eea52062b7\" style=\"margin-top:10px;margin-right:10px;margin-bottom:10px;margin-left:10px\">\u0110\u1ecbnh H\u01b0\u1edbng Sau Khi H\u1ecdc<\/h3>\n\n\n\n<p class=\"has-text-align-center gutenify-section-6026e780-0c0b-11ee-b09c-4b7018a9c015\">C\u01a1 h\u1ed9i \u1edf l\u1ea1i v\u00e0 l\u00e0m vi\u1ec7c t\u1ea1i New Zealand sau khi t\u1ed1t nghi\u1ec7p th\u00f4ng qua visa vi\u1ec7c l\u00e0m sau t\u1ed1t nghi\u1ec7p.<\/p>\n<\/div>\n<\/div>\n<\/div>\n<\/div>\n\n\n\n<p style=\"padding-top:var(--wp--preset--spacing--50);padding-bottom:var(--wp--preset--spacing--50)\" class=\"gutenify-section-af33a790-3abe-11ef-994d-15720d961505\">B\u1eaft \u0111\u1ea7u h\u00e0nh tr\u00ecnh gi\u00e1o d\u1ee5c c\u1ee7a b\u1ea1n t\u1ea1i New Zealand v\u1edbi Visa Du H\u1ecdc Tr\u1ea3 To\u00e0n B\u1ed9 H\u1ecdc Ph\u00ed v\u00e0 m\u1edf ra c\u00e1nh c\u1eeda \u0111\u1ebfn v\u1edbi v\u00f4 v\u00e0n c\u01a1 h\u1ed9i. \u0110\u1eebng ng\u1ea7n ng\u1ea1i li\u00ean h\u1ec7 v\u1edbi ch\u00fang t\u00f4i \u0111\u1ec3 \u0111\u01b0\u1ee3c t\u01b0 v\u1ea5n ban \u0111\u1ea7u mi\u1ec5n ph\u00ed nh\u00e9.<\/p>\n\n\n\n<div class=\"wp-block-buttons gutenify-section-ba085440-3abe-11ef-994d-15720d961505 is-content-justification-center is-layout-flex wp-container-core-buttons-is-layout-1 wp-block-buttons-is-layout-flex\">\n<div class=\"wp-block-button gutenify-section-ba4424c0-3abe-11ef-994d-15720d961505\"><a class=\"wp-block-button__link wp-element-button\" href=\"https:\/\/bevisa.co.nz\/vi\/free-assessment\/\">T\u01b0 V\u1ea5n Mi\u1ec5n Ph\u00ed<\/a><\/div>\n<\/div>\n<\/div>\n\n\n\n<div class=\"wp-block-group alignfull gutenify-section-60086300-0c0b-11ee-b09c-4b7018a9c015 is-layout-flow wp-block-group-is-layout-flow\">\n<div class=\"wp-block-cover alignfull gutenify-section-600814e0-0c0b-11ee-b09c-4b7018a9c015\" style=\"padding-top:12vw;padding-right:30px;padding-bottom:12vw;padding-left:30px;min-height:694px;aspect-ratio:unset;\"><span aria-hidden=\"true\" class=\"wp-block-cover__background has-foreground-background-color has-background-dim-70 has-background-dim\"><\/span><img loading=\"lazy\" decoding=\"async\" width=\"1024\" height=\"1024\" class=\"wp-block-cover__image-background wp-image-1539\" alt=\"\" src=\"https:\/\/bevisa.co.nz\/wp-content\/uploads\/2024\/07\/Mother-child-study.jpg\" data-object-fit=\"cover\" srcset=\"https:\/\/bevisa.co.nz\/wp-content\/uploads\/2024\/07\/Mother-child-study.jpg 1024w, https:\/\/bevisa.co.nz\/wp-content\/uploads\/2024\/07\/Mother-child-study-300x300.jpg 300w, https:\/\/bevisa.co.nz\/wp-content\/uploads\/2024\/07\/Mother-child-study-150x150.jpg 150w, https:\/\/bevisa.co.nz\/wp-content\/uploads\/2024\/07\/Mother-child-study-768x768.jpg 768w, https:\/\/bevisa.co.nz\/wp-content\/uploads\/2024\/07\/Mother-child-study-12x12.jpg 12w\" sizes=\"(max-width: 1024px) 100vw, 1024px\" \/><div class=\"wp-block-cover__inner-container is-layout-flow wp-block-cover-is-layout-flow\">\n<div class=\"wp-block-group alignwide gutenify-section-60075190-0c0b-11ee-b09c-4b7018a9c015 is-layout-constrained wp-block-group-is-layout-constrained\">\n<div class=\"wp-block-columns alignwide gutenify-section-60070370-0c0b-11ee-b09c-4b7018a9c015 is-layout-flex wp-container-core-columns-is-layout-4 wp-block-columns-is-layout-flex\" style=\"margin-top:0;margin-bottom:0\">\n<div class=\"wp-block-column is-vertically-aligned-center gutenify-section-60066730-0c0b-11ee-b09c-4b7018a9c015 is-layout-flow wp-container-core-column-is-layout-8 wp-block-column-is-layout-flow\" style=\"padding-top:0;padding-right:0;padding-bottom:0;padding-left:var(--wp--preset--spacing--60);flex-basis:100%\">\n<div class=\"wp-block-group alignwide gutenify-section-600507a0-0c0b-11ee-b09c-4b7018a9c015 is-layout-flow wp-container-core-group-is-layout-19 wp-block-group-is-layout-flow\" style=\"margin-top:0;margin-bottom:0;padding-top:0px;padding-right:0px;padding-bottom:0px;padding-left:0px\">\n<h3 class=\"wp-block-heading has-text-align-left has-white-color has-text-color gutenify-section-600359f0-0c0b-11ee-b09c-4b7018a9c015\" style=\"letter-spacing:3px;line-height:1.5\"><strong>Visa Gi\u00e1m H\u1ed9<\/strong><\/h3>\n\n\n\n<div class=\"wp-block-group gutenify-section-dde8b4d0-0c26-11ee-8089-9f3ace48b873 is-layout-flow wp-container-core-group-is-layout-18 wp-block-group-is-layout-flow\" style=\"padding-top:var(--wp--preset--spacing--60);padding-bottom:var(--wp--preset--spacing--40)\">\n<h2 class=\"wp-block-heading has-text-align-left has-white-color has-text-color has-gigantic-font-size gutenify-section-6003cf20-0c0b-11ee-b09c-4b7018a9c015\" style=\"margin-bottom:var(--wp--preset--spacing--40);font-style:normal;font-weight:700;line-height:1;text-transform:capitalize\">Ba M\u1eb9 ho\u1eb7c ng\u01b0\u1eddi gi\u00e1m h\u1ed9<\/h2>\n<\/div>\n\n\n\n<p class=\"has-background-color has-text-color has-normal-font-size gutenify-section-6004b980-0c0b-11ee-b09c-4b7018a9c015\">Visa n\u00e0y d\u00e0nh cho cha m\u1eb9 ho\u1eb7c ng\u01b0\u1eddi gi\u00e1m h\u1ed9 h\u1ee3p ph\u00e1p c\u1ea7n \u1edf l\u1ea1i New Zealand \u0111\u1ec3 ch\u0103m s\u00f3c con c\u00e1i khi c\u00e1c em \u0111ang h\u1ecdc t\u1eadp. Visa n\u00e0y cho ph\u00e9p b\u1ea1n s\u1ed1ng t\u1ea1i New Zealand v\u00e0 cung c\u1ea5p s\u1ef1 h\u1ed7 tr\u1ee3 c\u1ea7n thi\u1ebft cho s\u1ef1 ph\u00e1t tri\u1ec3n h\u1ecdc t\u1eadp v\u00e0 c\u00e1 nh\u00e2n c\u1ee7a con b\u1ea1n.&nbsp;<\/p>\n\n\n\n<p style=\"padding-top:var(--wp--preset--spacing--30);padding-bottom:var(--wp--preset--spacing--30)\" class=\"gutenify-section-6e7b8bd0-3aca-11ef-994d-15720d961505\">Li\u00ean h\u1ec7 v\u1edbi ch\u00fang t\u00f4i \u0111\u1ec3 \u0111\u01b0\u1ee3c t\u01b0 v\u1ea5n mi\u1ec5n ph\u00ed.<\/p>\n<\/div>\n\n\n\n<div class=\"wp-block-group alignwide gutenify-section-60061910-0c0b-11ee-b09c-4b7018a9c015 is-layout-flow wp-container-core-group-is-layout-20 wp-block-group-is-layout-flow\">\n<div class=\"wp-block-buttons alignwide gutenify-section-6005caf0-0c0b-11ee-b09c-4b7018a9c015 is-content-justification-left is-layout-flex wp-container-core-buttons-is-layout-2 wp-block-buttons-is-layout-flex\" style=\"margin-top:40px;margin-bottom:20px\">\n<div class=\"wp-block-button is-style-fill gutenify-section-60057cd0-0c0b-11ee-b09c-4b7018a9c015\"><a class=\"wp-block-button__link wp-element-button\" href=\"https:\/\/bevisa.co.nz\/vi\/free-assessment\/\" style=\"padding-right:var(--wp--preset--spacing--60);padding-left:var(--wp--preset--spacing--60)\">T\u01b0 V\u1ea5n Mi\u1ec5n Ph\u00ed<\/a><\/div>\n<\/div>\n<\/div>\n<\/div>\n\n\n\n<div class=\"wp-block-column is-vertically-aligned-bottom gutenify-section-6006b550-0c0b-11ee-b09c-4b7018a9c015 is-layout-flow wp-block-column-is-layout-flow\"><\/div>\n<\/div>\n<\/div>\n<\/div><\/div>\n<\/div>","protected":false},"excerpt":{"rendered":"<p>STUDENT VISA Full Fee-paying Student visa Are you an international student dreaming of studying in [&hellip;]<\/p>","protected":false},"author":1,"featured_media":0,"parent":321,"menu_order":0,"comment_status":"closed","ping_status":"closed","template":"","meta":{"gutenify_custom_css":"","gutenify_custom_css_data":"","footnotes":""},"_links":{"self":[{"href":"https:\/\/bevisa.co.nz\/vi\/wp-json\/wp\/v2\/pages\/1067"}],"collection":[{"href":"https:\/\/bevisa.co.nz\/vi\/wp-json\/wp\/v2\/pages"}],"about":[{"href":"https:\/\/bevisa.co.nz\/vi\/wp-json\/wp\/v2\/types\/page"}],"author":[{"embeddable":true,"href":"https:\/\/bevisa.co.nz\/vi\/wp-json\/wp\/v2\/users\/1"}],"replies":[{"embeddable":true,"href":"https:\/\/bevisa.co.nz\/vi\/wp-json\/wp\/v2\/comments?post=1067"}],"version-history":[{"count":26,"href":"https:\/\/bevisa.co.nz\/vi\/wp-json\/wp\/v2\/pages\/1067\/revisions"}],"predecessor-version":[{"id":1545,"href":"https:\/\/bevisa.co.nz\/vi\/wp-json\/wp\/v2\/pages\/1067\/revisions\/1545"}],"up":[{"embeddable":true,"href":"https:\/\/bevisa.co.nz\/vi\/wp-json\/wp\/v2\/pages\/321"}],"wp:attachment":[{"href":"https:\/\/bevisa.co.nz\/vi\/wp-json\/wp\/v2\/media?parent=1067"}],"curies":[{"name":"wp","href":"https:\/\/api.w.org\/{rel}","templated":true}]}}