{"id":1071,"date":"2024-07-05T22:16:08","date_gmt":"2024-07-05T10:16:08","guid":{"rendered":"https:\/\/bevisa.co.nz\/?page_id=1071"},"modified":"2024-07-08T22:43:43","modified_gmt":"2024-07-08T10:43:43","slug":"visitor-visas","status":"publish","type":"page","link":"https:\/\/bevisa.co.nz\/vi\/visa-services\/visitor-visas\/","title":{"rendered":"VISA DU L\u1ecaCH"},"content":{"rendered":"<div class=\"wp-block-group alignfull gutenify-section-6017f360-0c0b-11ee-b09c-4b7018a9c015 is-layout-constrained wp-block-group-is-layout-constrained\" style=\"padding-top:100px;padding-right:30px;padding-bottom:100px;padding-left:30px\">\n<div class=\"wp-block-columns alignwide gutenify-section-600fdd10-0c0b-11ee-b09c-4b7018a9c015 is-layout-flex wp-container-core-columns-is-layout-1 wp-block-columns-is-layout-flex\" style=\"padding-top:0;padding-right:0;padding-bottom:0;padding-left:0\">\n<div class=\"wp-block-column is-vertically-aligned-center gutenify-section-600c0c80-0c0b-11ee-b09c-4b7018a9c015 is-layout-flow wp-block-column-is-layout-flow\" style=\"flex-basis:50%\">\n<div class=\"wp-block-cover has-custom-content-position is-position-bottom-left gutenify-section-bd5b2d00-e427-11ed-aa12-7b96afc3ead5\" style=\"padding-top:var(--wp--preset--spacing--50);padding-right:var(--wp--preset--spacing--50);padding-bottom:var(--wp--preset--spacing--50);padding-left:var(--wp--preset--spacing--50);min-height:718px;aspect-ratio:unset;\"><span aria-hidden=\"true\" class=\"wp-block-cover__background has-foreground-background-color has-background-dim-10 has-background-dim\"><\/span><img loading=\"lazy\" decoding=\"async\" width=\"1200\" height=\"900\" class=\"wp-block-cover__image-background wp-image-1526\" alt=\"\" src=\"https:\/\/bevisa.co.nz\/wp-content\/uploads\/2024\/07\/walking-resized.jpg\" data-object-fit=\"cover\" srcset=\"https:\/\/bevisa.co.nz\/wp-content\/uploads\/2024\/07\/walking-resized.jpg 1200w, https:\/\/bevisa.co.nz\/wp-content\/uploads\/2024\/07\/walking-resized-300x225.jpg 300w, https:\/\/bevisa.co.nz\/wp-content\/uploads\/2024\/07\/walking-resized-1024x768.jpg 1024w, https:\/\/bevisa.co.nz\/wp-content\/uploads\/2024\/07\/walking-resized-768x576.jpg 768w, https:\/\/bevisa.co.nz\/wp-content\/uploads\/2024\/07\/walking-resized-16x12.jpg 16w\" sizes=\"(max-width: 1200px) 100vw, 1200px\" \/><div class=\"wp-block-cover__inner-container is-layout-flow wp-block-cover-is-layout-flow\">\n<p class=\"has-text-align-center has-large-font-size gutenify-section-7968dd80-3ab2-11ef-b684-157e3662a029\"><\/p>\n<\/div><\/div>\n<\/div>\n\n\n\n<div class=\"wp-block-column is-vertically-aligned-top gutenify-section-600f67e0-0c0b-11ee-b09c-4b7018a9c015 is-layout-flow wp-block-column-is-layout-flow\" style=\"padding-top:40px;padding-right:20px;padding-bottom:40px;padding-left:20px\">\n<div class=\"wp-block-group alignwide gutenify-section-600ef2b0-0c0b-11ee-b09c-4b7018a9c015 is-layout-constrained wp-container-core-group-is-layout-2 wp-block-group-is-layout-constrained\">\n<h2 class=\"wp-block-heading has-slider-title-font-size gutenify-section-600d1df0-0c0b-11ee-b09c-4b7018a9c015\" style=\"font-style:normal;font-weight:600;text-transform:capitalize\">visa du l\u1ecbch th\u00f4ng th\u01b0\u1eddng<\/h2>\n\n\n\n<p class=\"gutenify-section-600d6c10-0c0b-11ee-b09c-4b7018a9c015\">V\u1edbi Visa Du L\u1ecbch Th\u00f4ng Th\u01b0\u1eddng, b\u1ea1n c\u00f3 th\u1ec3:<\/p>\n\n\n\n<div class=\"wp-block-group gutenify-section-bd5ed680-e427-11ed-aa12-7b96afc3ead5 is-layout-constrained wp-block-group-is-layout-constrained\">\n<ul style=\"line-height:2\" class=\"gutenify-list-style-five has-black-color has-text-color gutenify-section-bd5dec20-e427-11ed-aa12-7b96afc3ead5\">\n<li class=\"gutenify-section-bd5cdab0-e427-11ed-aa12-7b96afc3ead5\">T\u1eadn h\u01b0\u1edfng k\u1ef3 ngh\u1ec9 t\u1ea1i New Zealand<\/li>\n\n\n\n<li class=\"gutenify-section-97332ab0-3ab1-11ef-b684-157e3662a029\">Th\u0103m gia \u0111\u00ecnh v\u00e0 b\u1ea1n b\u00e8<\/li>\n\n\n\n<li class=\"gutenify-section-f36cc930-3ab1-11ef-b684-157e3662a029\">Bao g\u1ed3m b\u1ea1n \u0111\u1eddi v\u00e0 con c\u00e1i ph\u1ee5 thu\u1ed9c trong \u0111\u01a1n xin visa c\u1ee7a b\u1ea1n<\/li>\n\n\n\n<li class=\"gutenify-section-bd5d28d0-e427-11ed-aa12-7b96afc3ead5\">D\u00f9 kh\u00f4ng \u0111\u01b0\u1ee3c ph\u00e9p l\u00e0m vi\u1ec7c, b\u1ea1n c\u00f3 th\u1ec3 h\u1ecdc t\u1eadp trong th\u1eddi gian t\u1ed1i \u0111a 3 th\u00e1ng trong chuy\u1ebfn th\u0103m c\u1ee7a m\u00ecnh<\/li>\n<\/ul>\n\n\n\n<p class=\"gutenify-section-42f5f620-3ab2-11ef-b684-157e3662a029\">C\u1ea7n th\u00eam h\u1ed7 tr\u1ee3? H\u00e3y li\u00ean h\u1ec7 v\u1edbi ch\u00fang t\u00f4i \u0111\u1ec3 \u0111\u01b0\u1ee3c t\u01b0 v\u1ea5n ban \u0111\u1ea7u mi\u1ec5n ph\u00ed.<\/p>\n\n\n\n<div class=\"wp-block-buttons gutenify-section-bd5e6150-e427-11ed-aa12-7b96afc3ead5 is-content-justification-left is-layout-flex wp-container-core-buttons-is-layout-1 wp-block-buttons-is-layout-flex\" style=\"margin-top:35px;margin-bottom:20px\">\n<div class=\"wp-block-button is-style-fill gutenify-section-bd5e3a40-e427-11ed-aa12-7b96afc3ead5\"><a class=\"wp-block-button__link wp-element-button\" href=\"#\">T\u01b0 V\u1ea5n Mi\u1ec5n Ph\u00ed<\/a><\/div>\n<\/div>\n<\/div>\n<\/div>\n<\/div>\n<\/div>\n<\/div>\n\n\n\n<div class=\"wp-block-group alignfull gutenify-section-60086300-0c0b-11ee-b09c-4b7018a9c015 is-layout-flow wp-block-group-is-layout-flow\">\n<div class=\"wp-block-cover alignfull gutenify-section-600814e0-0c0b-11ee-b09c-4b7018a9c015\" style=\"padding-top:12vw;padding-right:30px;padding-bottom:12vw;padding-left:30px;min-height:694px;aspect-ratio:unset;\"><span aria-hidden=\"true\" class=\"wp-block-cover__background has-foreground-background-color has-background-dim-70 has-background-dim\"><\/span><img loading=\"lazy\" decoding=\"async\" width=\"1024\" height=\"840\" class=\"wp-block-cover__image-background wp-image-1528\" alt=\"\" src=\"https:\/\/bevisa.co.nz\/wp-content\/uploads\/2024\/07\/Grandma.jpg\" data-object-fit=\"cover\" srcset=\"https:\/\/bevisa.co.nz\/wp-content\/uploads\/2024\/07\/Grandma.jpg 1024w, https:\/\/bevisa.co.nz\/wp-content\/uploads\/2024\/07\/Grandma-300x246.jpg 300w, https:\/\/bevisa.co.nz\/wp-content\/uploads\/2024\/07\/Grandma-768x630.jpg 768w, https:\/\/bevisa.co.nz\/wp-content\/uploads\/2024\/07\/Grandma-15x12.jpg 15w\" sizes=\"(max-width: 1024px) 100vw, 1024px\" \/><div class=\"wp-block-cover__inner-container is-layout-flow wp-block-cover-is-layout-flow\">\n<div class=\"wp-block-group alignwide gutenify-section-60075190-0c0b-11ee-b09c-4b7018a9c015 is-layout-constrained wp-block-group-is-layout-constrained\">\n<div class=\"wp-block-columns alignwide gutenify-section-60070370-0c0b-11ee-b09c-4b7018a9c015 is-layout-flex wp-container-core-columns-is-layout-2 wp-block-columns-is-layout-flex\" style=\"margin-top:0;margin-bottom:0\">\n<div class=\"wp-block-column is-vertically-aligned-center gutenify-section-60066730-0c0b-11ee-b09c-4b7018a9c015 is-layout-flow wp-block-column-is-layout-flow\" style=\"padding-top:0;padding-right:0;padding-bottom:0;padding-left:var(--wp--preset--spacing--60);flex-basis:100%\">\n<div class=\"wp-block-group alignwide gutenify-section-600507a0-0c0b-11ee-b09c-4b7018a9c015 is-layout-flow wp-container-core-group-is-layout-5 wp-block-group-is-layout-flow\" style=\"padding-top:0px;padding-right:0px;padding-bottom:0px;padding-left:0px\">\n<div class=\"wp-block-group gutenify-section-dde8b4d0-0c26-11ee-8089-9f3ace48b873 is-layout-flow wp-container-core-group-is-layout-4 wp-block-group-is-layout-flow\" style=\"padding-top:var(--wp--preset--spacing--60);padding-bottom:var(--wp--preset--spacing--40)\">\n<h2 class=\"wp-block-heading has-text-align-left has-background-color has-text-color has-link-color has-slider-title-font-size gutenify-section-6003cf20-0c0b-11ee-b09c-4b7018a9c015 wp-elements-dbc0b5c6d1d61c83f5e77ed573ac13c5\" style=\"font-style:normal;font-weight:600;text-transform:capitalize\">Visa du l\u1ecbch cho cha m\u1eb9 v\u00e0 \u00f4ng b\u00e0<\/h2>\n<\/div>\n\n\n\n<p class=\"has-background-color has-text-color has-normal-font-size gutenify-section-6004b980-0c0b-11ee-b09c-4b7018a9c015\">B\u1ea1n l\u00e0 cha m\u1eb9 ho\u1eb7c \u00f4ng b\u00e0 c\u1ee7a m\u1ed9t c\u00f4ng d\u00e2n ho\u1eb7c th\u01b0\u1eddng tr\u00fa nh\u00e2n New Zealand, v\u00e0 mong mu\u1ed1n th\u0103m gia \u0111\u00ecnh? Lo\u1ea1i visa n\u00e0y cho ph\u00e9p b\u1ea1n linh ho\u1ea1t \u0111i l\u1ea1i ra v\u00e0o New Zealand nhi\u1ec1u l\u1ea7n \u0111\u1ec3 t\u1eadn h\u01b0\u1edfng nh\u1eefng kho\u1ea3nh kh\u1eafc qu\u00fd b\u00e1u b\u00ean gia \u0111\u00ecnh.&nbsp;<\/p>\n\n\n\n<p class=\"has-background-color has-text-color has-link-color gutenify-section-cac8e5f0-3ab5-11ef-b684-157e3662a029 wp-elements-de5c96a5726a1d71e8ce6d8b39345d8c\">Th\u1eafc m\u1eafc b\u1ea1n c\u00f3 \u0111\u1ee7 \u0111i\u1ec1u ki\u1ec7n kh\u00f4ng? Li\u00ean h\u1ec7 v\u1edbi ch\u00fang t\u00f4i ngay \u0111\u1ec3 \u0111\u01b0\u1ee3c t\u01b0 v\u1ea5n ban \u0111\u1ea7u mi\u1ec5n ph\u00ed nh\u00e9.<\/p>\n<\/div>\n\n\n\n<div class=\"wp-block-group alignwide gutenify-section-60061910-0c0b-11ee-b09c-4b7018a9c015 is-layout-flow wp-container-core-group-is-layout-6 wp-block-group-is-layout-flow\">\n<div class=\"wp-block-buttons alignwide gutenify-section-6005caf0-0c0b-11ee-b09c-4b7018a9c015 is-content-justification-left is-layout-flex wp-container-core-buttons-is-layout-2 wp-block-buttons-is-layout-flex\" style=\"margin-top:40px;margin-bottom:20px\">\n<div class=\"wp-block-button is-style-fill gutenify-section-60057cd0-0c0b-11ee-b09c-4b7018a9c015\"><a class=\"wp-block-button__link wp-element-button\" href=\"#\" style=\"padding-right:var(--wp--preset--spacing--60);padding-left:var(--wp--preset--spacing--60)\">T\u01b0 V\u1ea5n Mi\u1ec5n Ph\u00ed<\/a><\/div>\n<\/div>\n<\/div>\n<\/div>\n\n\n\n<div class=\"wp-block-column is-vertically-aligned-bottom gutenify-section-6006b550-0c0b-11ee-b09c-4b7018a9c015 is-layout-flow wp-block-column-is-layout-flow\"><\/div>\n<\/div>\n<\/div>\n<\/div><\/div>\n<\/div>","protected":false},"excerpt":{"rendered":"<p>general visitor visa With a General Visitor Visa, you can: Need some advices? Do not [&hellip;]<\/p>","protected":false},"author":1,"featured_media":0,"parent":321,"menu_order":0,"comment_status":"closed","ping_status":"closed","template":"","meta":{"gutenify_custom_css":"","gutenify_custom_css_data":"","footnotes":""},"_links":{"self":[{"href":"https:\/\/bevisa.co.nz\/vi\/wp-json\/wp\/v2\/pages\/1071"}],"collection":[{"href":"https:\/\/bevisa.co.nz\/vi\/wp-json\/wp\/v2\/pages"}],"about":[{"href":"https:\/\/bevisa.co.nz\/vi\/wp-json\/wp\/v2\/types\/page"}],"author":[{"embeddable":true,"href":"https:\/\/bevisa.co.nz\/vi\/wp-json\/wp\/v2\/users\/1"}],"replies":[{"embeddable":true,"href":"https:\/\/bevisa.co.nz\/vi\/wp-json\/wp\/v2\/comments?post=1071"}],"version-history":[{"count":18,"href":"https:\/\/bevisa.co.nz\/vi\/wp-json\/wp\/v2\/pages\/1071\/revisions"}],"predecessor-version":[{"id":1529,"href":"https:\/\/bevisa.co.nz\/vi\/wp-json\/wp\/v2\/pages\/1071\/revisions\/1529"}],"up":[{"embeddable":true,"href":"https:\/\/bevisa.co.nz\/vi\/wp-json\/wp\/v2\/pages\/321"}],"wp:attachment":[{"href":"https:\/\/bevisa.co.nz\/vi\/wp-json\/wp\/v2\/media?parent=1071"}],"curies":[{"name":"wp","href":"https:\/\/api.w.org\/{rel}","templated":true}]}}