{"id":1079,"date":"2024-07-05T20:50:04","date_gmt":"2024-07-05T08:50:04","guid":{"rendered":"https:\/\/bevisa.co.nz\/?page_id=1079"},"modified":"2024-07-08T22:48:48","modified_gmt":"2024-07-08T10:48:48","slug":"resident-visas","status":"publish","type":"page","link":"https:\/\/bevisa.co.nz\/vi\/visa-services\/resident-visas\/","title":{"rendered":"VISA TH\u01af\u1edcNG TR\u00da"},"content":{"rendered":"<div class=\"wp-block-group alignfull gutenify-section-6017f360-0c0b-11ee-b09c-4b7018a9c015 is-layout-constrained wp-block-group-is-layout-constrained\" style=\"padding-top:100px;padding-right:30px;padding-bottom:100px;padding-left:30px\">\n<div class=\"wp-block-columns alignwide gutenify-section-600fdd10-0c0b-11ee-b09c-4b7018a9c015 is-layout-flex wp-container-core-columns-is-layout-1 wp-block-columns-is-layout-flex\" style=\"padding-top:0;padding-right:0;padding-bottom:0;padding-left:0\">\n<div class=\"wp-block-column is-vertically-aligned-center gutenify-section-600c0c80-0c0b-11ee-b09c-4b7018a9c015 is-layout-flow wp-block-column-is-layout-flow\" style=\"flex-basis:50%\">\n<div class=\"wp-block-cover has-custom-content-position is-position-bottom-left gutenify-section-bd5b2d00-e427-11ed-aa12-7b96afc3ead5\" style=\"padding-top:var(--wp--preset--spacing--50);padding-right:var(--wp--preset--spacing--50);padding-bottom:var(--wp--preset--spacing--50);padding-left:var(--wp--preset--spacing--50);min-height:730px;aspect-ratio:unset;\"><span aria-hidden=\"true\" class=\"wp-block-cover__background has-foreground-background-color has-background-dim-40 has-background-dim\"><\/span><img loading=\"lazy\" decoding=\"async\" width=\"1024\" height=\"1024\" class=\"wp-block-cover__image-background wp-image-1530\" alt=\"\" src=\"https:\/\/bevisa.co.nz\/wp-content\/uploads\/2024\/07\/resident-visa.jpg\" data-object-fit=\"cover\" srcset=\"https:\/\/bevisa.co.nz\/wp-content\/uploads\/2024\/07\/resident-visa.jpg 1024w, https:\/\/bevisa.co.nz\/wp-content\/uploads\/2024\/07\/resident-visa-300x300.jpg 300w, https:\/\/bevisa.co.nz\/wp-content\/uploads\/2024\/07\/resident-visa-150x150.jpg 150w, https:\/\/bevisa.co.nz\/wp-content\/uploads\/2024\/07\/resident-visa-768x768.jpg 768w, https:\/\/bevisa.co.nz\/wp-content\/uploads\/2024\/07\/resident-visa-12x12.jpg 12w\" sizes=\"(max-width: 1024px) 100vw, 1024px\" \/><div class=\"wp-block-cover__inner-container is-layout-flow wp-block-cover-is-layout-flow\">\n<p class=\"has-text-align-center has-large-font-size gutenify-section-1d471d10-3b10-11ef-994d-15720d961505\"><\/p>\n<\/div><\/div>\n<\/div>\n\n\n\n<div class=\"wp-block-column is-vertically-aligned-center gutenify-section-600f67e0-0c0b-11ee-b09c-4b7018a9c015 is-layout-flow wp-block-column-is-layout-flow\" style=\"padding-top:40px;padding-right:20px;padding-bottom:40px;padding-left:20px\">\n<div class=\"wp-block-group alignwide gutenify-section-600ef2b0-0c0b-11ee-b09c-4b7018a9c015 is-layout-constrained wp-container-core-group-is-layout-2 wp-block-group-is-layout-constrained\">\n<h2 class=\"wp-block-heading has-slider-title-font-size gutenify-section-600d1df0-0c0b-11ee-b09c-4b7018a9c015\" style=\"font-style:normal;font-weight:600;text-transform:capitalize\"><strong><strong>Visa Th\u01b0\u1eddng tr\u00fa cho ng\u01b0\u1eddi lao \u0111\u1ed9ng c\u00f3 k\u1ef9 n\u0103ng<\/strong><\/strong><\/h2>\n\n\n\n<p class=\"gutenify-section-600d6c10-0c0b-11ee-b09c-4b7018a9c015\">C\u00f3 3 l\u1ed9 tr\u00ecnh d\u1ef1a tr\u00ean k\u1ef9 n\u0103ng - cho ph\u00e9p b\u1ea1n nh\u1eadn \u0111\u01b0\u1ee3c th\u01b0\u1eddng tr\u00fa t\u1ea1i New Zealand n\u1ebfu b\u1ea1n \u0111\u00e1p \u1ee9ng c\u00e1c ti\u00eau ch\u00ed:<\/p>\n\n\n\n<div class=\"wp-block-group gutenify-section-bd5ed680-e427-11ed-aa12-7b96afc3ead5 is-layout-constrained wp-block-group-is-layout-constrained\">\n<ul style=\"line-height:2.5\" class=\"gutenify-list-style-five has-black-color has-text-color gutenify-section-bd5dec20-e427-11ed-aa12-7b96afc3ead5\">\n<li style=\"line-height:1.5\" class=\"gutenify-section-bd5cdab0-e427-11ed-aa12-7b96afc3ead5\">L\u1ed9 tr\u00ecnh Th\u01b0\u1eddng Tr\u00fa cho Ng\u01b0\u1eddi Lao \u0110\u1ed9ng C\u00f3 K\u1ef9 N\u0103ng<\/li>\n\n\n\n<li style=\"line-height:1.5\" class=\"gutenify-section-b93ec640-3b0c-11ef-994d-15720d961505\">L\u1ed9 tr\u00ecnh ng\u00e0nh ngh\u1ec1 n\u1eb1m trong Greenlist c\u1ee7a ch\u00ednh ph\u1ee7: b\u1ea1n c\u00f3 th\u1ec3 n\u1ed9p th\u01b0\u1eddng tr\u00fa ngay l\u1eadp t\u1ee9c ho\u1eb7c th\u01b0\u1eddng tr\u00fa th\u00f4ng qua l\u00e0m vi\u1ec7c<\/li>\n\n\n\n<li style=\"line-height:1.5\" class=\"gutenify-section-bd5d28d0-e427-11ed-aa12-7b96afc3ead5\">L\u1ed9 tr\u00ecnh l\u00e0m vi\u1ec7c trong ng\u00e0nh Ch\u0103m S\u00f3c v\u00e0 Giao Th\u00f4ng V\u1eadn T\u1ea3i \u0111\u1ec3 \u0111\u01b0\u1ee3c th\u01b0\u1eddng tr\u00fa<\/li>\n<\/ul>\n\n\n\n<p class=\"gutenify-section-df8338e0-3b0c-11ef-994d-15720d961505\">M\u1ed9t s\u1ed1 visa trong nh\u1eefng l\u1ed9 tr\u00ecnh tr\u00ean cho ph\u00e9p b\u1ea1n n\u1ed9p \u0111\u01a1n xin th\u01b0\u1eddng tr\u00fa ngay l\u1eadp t\u1ee9c. C\u00e1c con \u0111\u01b0\u1eddng kh\u00e1c c\u00f3 th\u1ec3 y\u00eau c\u1ea7u b\u1ea1n l\u00e0m vi\u1ec7c t\u1ea1i New Zealand tr\u01b0\u1edbc khi c\u00f3 th\u1ec3 n\u1ed9p \u0111\u01a1n xin th\u01b0\u1eddng tr\u00fa, nh\u01b0 Visa L\u00e0m Vi\u1ec7c \u0110\u1ebfn Th\u01b0\u1eddng Tr\u00fa.<\/p>\n\n\n\n<p class=\"gutenify-section-df89efa0-3b0c-11ef-994d-15720d961505\">Vi\u1ec7c am hi\u1ec3u qu\u00e1 tr\u00ecnh xin visa th\u01b0\u1eddng tr\u00fa d\u1ef1a tr\u00ean k\u1ef9 n\u0103ng c\u00f3 th\u1ec3 g\u1eb7p nhi\u1ec1u th\u00e1ch th\u1ee9c. Tham kh\u1ea3o \u00fd ki\u1ebfn c\u1ee7a m\u1ed9t c\u1ed1 v\u1ea5n nh\u1eadp c\u01b0 c\u00f3 gi\u1ea5y ph\u00e9p uy t\u00edn v\u00e0 c\u00f3 kinh nghi\u1ec7m c\u00f3 th\u1ec3 gi\u00fap l\u00e0m r\u00f5 t\u00ednh \u0111\u1ee7 \u0111i\u1ec1u ki\u1ec7n c\u1ee7a b\u1ea1n v\u00e0 \u0111\u1ea3m b\u1ea3o tr\u1ea3i nghi\u1ec7m n\u1ed9p \u0111\u01a1n su\u00f4n s\u1ebb h\u01a1n.<\/p>\n\n\n\n<div class=\"wp-block-buttons gutenify-section-bd5e6150-e427-11ed-aa12-7b96afc3ead5 is-content-justification-left is-layout-flex wp-container-core-buttons-is-layout-1 wp-block-buttons-is-layout-flex\" style=\"margin-top:35px;margin-bottom:20px\">\n<div class=\"wp-block-button is-style-fill gutenify-section-bd5e3a40-e427-11ed-aa12-7b96afc3ead5\"><a class=\"wp-block-button__link wp-element-button\" href=\"https:\/\/bevisa.co.nz\/vi\/free-assessment\/\">T\u01b0 V\u1ea5n Mi\u1ec5n Ph\u00ed<\/a><\/div>\n<\/div>\n<\/div>\n<\/div>\n<\/div>\n<\/div>\n<\/div>\n\n\n\n<div class=\"wp-block-group alignfull has-background-background-color has-background gutenify-section-37843220-0cd2-11ee-88d9-699c094e8706 is-layout-constrained wp-block-group-is-layout-constrained\" style=\"margin-top:0rem;margin-bottom:0rem;padding-top:100px;padding-right:30px;padding-bottom:100px;padding-left:30px\">\n<div class=\"wp-block-columns alignwide gutenify-section-378124e0-0cd2-11ee-88d9-699c094e8706 is-layout-flex wp-container-core-columns-is-layout-2 wp-block-columns-is-layout-flex\">\n<div class=\"wp-block-column is-vertically-aligned-center gutenify-section-37602f60-0cd2-11ee-88d9-699c094e8706 is-layout-flow wp-block-column-is-layout-flow\" style=\"flex-basis:55%\">\n<figure class=\"wp-block-image size-full gutenify-section-b5e64840-3b13-11ef-afbe-f759ecc8360b\"><img loading=\"lazy\" decoding=\"async\" width=\"1200\" height=\"1200\" src=\"https:\/\/bevisa.co.nz\/wp-content\/uploads\/2024\/07\/Couple.jpg\" alt=\"\" class=\"wp-image-1532\" srcset=\"https:\/\/bevisa.co.nz\/wp-content\/uploads\/2024\/07\/Couple.jpg 1200w, https:\/\/bevisa.co.nz\/wp-content\/uploads\/2024\/07\/Couple-300x300.jpg 300w, https:\/\/bevisa.co.nz\/wp-content\/uploads\/2024\/07\/Couple-1024x1024.jpg 1024w, https:\/\/bevisa.co.nz\/wp-content\/uploads\/2024\/07\/Couple-150x150.jpg 150w, https:\/\/bevisa.co.nz\/wp-content\/uploads\/2024\/07\/Couple-768x768.jpg 768w, https:\/\/bevisa.co.nz\/wp-content\/uploads\/2024\/07\/Couple-12x12.jpg 12w\" sizes=\"(max-width: 1200px) 100vw, 1200px\" \/><\/figure>\n<\/div>\n\n\n\n<div class=\"wp-block-column is-vertically-aligned-center gutenify-section-377e3eb0-0cd2-11ee-88d9-699c094e8706 is-layout-flow wp-block-column-is-layout-flow\" style=\"flex-basis:45%\">\n<div class=\"wp-block-group gutenify-section-377b3170-0cd2-11ee-88d9-699c094e8706 is-layout-flow wp-block-group-is-layout-flow\">\n<div class=\"wp-block-group alignwide gutenify-section-376f2380-0cd2-11ee-88d9-699c094e8706 is-layout-flow wp-container-core-group-is-layout-5 wp-block-group-is-layout-flow\" style=\"padding-bottom:0px\">\n<div class=\"wp-block-group gutenify-section-376c3d50-0cd2-11ee-88d9-699c094e8706 is-layout-constrained wp-container-core-group-is-layout-4 wp-block-group-is-layout-constrained\">\n<h2 class=\"wp-block-heading has-text-align-left has-slider-title-font-size gutenify-section-37693010-0cd2-11ee-88d9-699c094e8706\" style=\"line-height:1.3;text-transform:capitalize\"><strong>Visa th\u01b0\u1eddng tr\u00fa cho b\u1ea1n \u0111\u1eddi c\u1ee7a ng\u01b0\u1eddi New Zealand<\/strong><\/h2>\n<\/div>\n<\/div>\n\n\n\n<p class=\"has-normal-font-size gutenify-section-377230c0-0cd2-11ee-88d9-699c094e8706\">B\u1ea1n c\u00f3 ph\u1ea3i l\u00e0 ch\u1ed3ng, v\u1ee3, ban \u0111\u1eddi c\u1ee7a c\u00f4ng d\u00e2n ho\u1eb7c th\u01b0\u1eddng tr\u00fa nh\u00e2n New Zealand?&nbsp;<\/p>\n\n\n\n<p class=\"has-normal-font-size gutenify-section-f5d0e460-3b13-11ef-afbe-f759ecc8360b\">Y\u00eau c\u1ea7u ch\u00ednh l\u00e0 li\u1ec7u b\u1ea1n \u0111\u00e3 s\u1ed1ng chung v\u1edbi b\u1ea1n \u0111\u1eddi c\u1ee7a m\u00ecnh ch\u00e2n th\u1ef1c v\u00e0 \u1ed5n \u0111\u1ecbnh \u00edt nh\u1ea5t l\u00e0 12 th\u00e1ng. <\/p>\n\n\n\n<p class=\"has-normal-font-size gutenify-section-fa603080-3b13-11ef-afbe-f759ecc8360b\">H\u00e3y li\u00ean h\u1ec7 v\u1edbi ch\u00fang t\u00f4i \u0111\u1ec3 \u0111\u01b0\u1ee3c t\u01b0 v\u1ea5n v\u1ec1 c\u00e1c y\u00eau c\u1ea7u c\u1ee5 th\u1ec3 kh\u00e1c.<\/p>\n\n\n\n<div class=\"wp-block-buttons gutenify-section-37784b40-0cd2-11ee-88d9-699c094e8706 is-layout-flex wp-block-buttons-is-layout-flex\" style=\"margin-top:2.25rem\">\n<div class=\"wp-block-button gutenify-section-377516f0-0cd2-11ee-88d9-699c094e8706\"><a class=\"wp-block-button__link wp-element-button\">T\u01b0 V\u1ea5n Mi\u1ec5n Ph\u00ed<\/a><\/div>\n<\/div>\n<\/div>\n<\/div>\n<\/div>\n<\/div>\n\n\n\n<div class=\"wp-block-group alignfull gutenify-section-60086300-0c0b-11ee-b09c-4b7018a9c015 is-layout-flow wp-block-group-is-layout-flow\">\n<div class=\"wp-block-cover alignfull gutenify-section-600814e0-0c0b-11ee-b09c-4b7018a9c015\" style=\"padding-top:12vw;padding-right:30px;padding-bottom:12vw;padding-left:30px;min-height:694px;aspect-ratio:unset;\"><span aria-hidden=\"true\" class=\"wp-block-cover__background has-foreground-background-color has-background-dim-70 has-background-dim\"><\/span><img loading=\"lazy\" decoding=\"async\" width=\"1024\" height=\"1024\" class=\"wp-block-cover__image-background wp-image-1533\" alt=\"\" src=\"https:\/\/bevisa.co.nz\/wp-content\/uploads\/2024\/07\/Mother-son.jpg\" data-object-fit=\"cover\" srcset=\"https:\/\/bevisa.co.nz\/wp-content\/uploads\/2024\/07\/Mother-son.jpg 1024w, https:\/\/bevisa.co.nz\/wp-content\/uploads\/2024\/07\/Mother-son-300x300.jpg 300w, https:\/\/bevisa.co.nz\/wp-content\/uploads\/2024\/07\/Mother-son-150x150.jpg 150w, https:\/\/bevisa.co.nz\/wp-content\/uploads\/2024\/07\/Mother-son-768x768.jpg 768w, https:\/\/bevisa.co.nz\/wp-content\/uploads\/2024\/07\/Mother-son-12x12.jpg 12w\" sizes=\"(max-width: 1024px) 100vw, 1024px\" \/><div class=\"wp-block-cover__inner-container is-layout-flow wp-block-cover-is-layout-flow\">\n<div class=\"wp-block-group alignwide gutenify-section-60075190-0c0b-11ee-b09c-4b7018a9c015 is-layout-constrained wp-block-group-is-layout-constrained\">\n<div class=\"wp-block-columns alignwide gutenify-section-60070370-0c0b-11ee-b09c-4b7018a9c015 is-layout-flex wp-container-core-columns-is-layout-3 wp-block-columns-is-layout-flex\" style=\"margin-top:0;margin-bottom:0\">\n<div class=\"wp-block-column is-vertically-aligned-center gutenify-section-60066730-0c0b-11ee-b09c-4b7018a9c015 is-layout-flow wp-block-column-is-layout-flow\" style=\"padding-top:0;padding-right:0;padding-bottom:0;padding-left:var(--wp--preset--spacing--60);flex-basis:100%\">\n<div class=\"wp-block-group alignwide gutenify-section-600507a0-0c0b-11ee-b09c-4b7018a9c015 is-layout-flow wp-container-core-group-is-layout-9 wp-block-group-is-layout-flow\" style=\"padding-top:0px;padding-right:0px;padding-bottom:0px;padding-left:0px\">\n<div class=\"wp-block-group gutenify-section-dde8b4d0-0c26-11ee-8089-9f3ace48b873 is-layout-flow wp-container-core-group-is-layout-8 wp-block-group-is-layout-flow\" style=\"padding-top:var(--wp--preset--spacing--60);padding-bottom:var(--wp--preset--spacing--40)\">\n<h2 class=\"wp-block-heading has-text-align-left has-white-color has-text-color has-slider-title-font-size gutenify-section-6003cf20-0c0b-11ee-b09c-4b7018a9c015\" style=\"margin-bottom:var(--wp--preset--spacing--40);font-style:normal;font-weight:700;line-height:1;text-transform:capitalize\"><strong>Visa th\u01b0\u1eddng tr\u00fa cho cha m\u1eb9<\/strong><\/h2>\n<\/div>\n\n\n\n<p class=\"has-background-color has-text-color has-normal-font-size gutenify-section-6004b980-0c0b-11ee-b09c-4b7018a9c015\">N\u1ebfu b\u1ea1n c\u00f3 con \u0111\u00e3 tr\u01b0\u1edfng th\u00e0nh \u1edf New Zealand l\u00e0 c\u00f4ng d\u00e2n ho\u1eb7c th\u01b0\u1eddng tr\u00fa nh\u00e2n \u00edt nh\u1ea5t 3 n\u0103m v\u00e0 c\u00f3 thu nh\u1eadp \u0111\u1ee7 cao, con b\u1ea1n c\u00f3 th\u1ec3 b\u1ea3o l\u00e3nh cho b\u1ea1n s\u1ed1ng \u1edf \u0111\u00e2y v\u0129nh vi\u1ec5n. <\/p>\n\n\n\n<p class=\"has-background-color has-text-color has-normal-font-size gutenify-section-1e9d8120-3b17-11ef-afbe-f759ecc8360b\">Con b\u1ea1n ph\u1ea3i \u0111\u00e1p \u1ee9ng m\u1ee9c thu nh\u1eadp t\u1ed1i thi\u1ec3u v\u00e0 s\u1eb5n s\u00e0ng h\u1ed7 tr\u1ee3 t\u00e0i ch\u00ednh cho b\u1ea1n trong m\u01b0\u1eddi n\u0103m \u0111\u1ea7u ti\u00ean. <\/p>\n\n\n\n<p class=\"has-background-color has-text-color has-normal-font-size gutenify-section-23c67530-3b17-11ef-afbe-f759ecc8360b\">M\u1ed7i n\u0103m, ch\u1ec9 c\u00f3 2.500 cha m\u1eb9 \u0111\u01b0\u1ee3c ch\u1ea5p thu\u1eadn, v\u00e0 vi\u1ec7c l\u1ef1a ch\u1ecdn \u0111\u01b0\u1ee3c th\u1ef1c hi\u1ec7n ng\u1eabu nhi\u00ean. <\/p>\n\n\n\n<p class=\"has-background-color has-text-color has-normal-font-size gutenify-section-27578b30-3b17-11ef-afbe-f759ecc8360b\">Qu\u00e1 tr\u00ecnh n\u00e0y kh\u00e1 ph\u1ee9c t\u1ea1p, v\u00ec v\u1eady b\u1ea1n n\u00ean t\u00ecm ki\u1ebfm l\u1eddi khuy\u00ean chuy\u00ean nghi\u1ec7p \u0111\u1ec3 l\u00e0m cho qu\u00e1 tr\u00ecnh n\u00e0y tr\u1edf n\u00ean su\u00f4n s\u1ebb h\u01a1n. H\u00e3y b\u1ea5m v\u00e0o n\u00fat b\u00ean d\u01b0\u1edbi \u0111\u1ec3 \u0111\u01b0\u1ee3c t\u01b0 v\u1ea5n mi\u1ec5n ph\u00ed.<\/p>\n<\/div>\n\n\n\n<div class=\"wp-block-group alignwide gutenify-section-60061910-0c0b-11ee-b09c-4b7018a9c015 is-layout-flow wp-container-core-group-is-layout-10 wp-block-group-is-layout-flow\">\n<div class=\"wp-block-buttons alignwide gutenify-section-6005caf0-0c0b-11ee-b09c-4b7018a9c015 is-content-justification-left is-layout-flex wp-container-core-buttons-is-layout-3 wp-block-buttons-is-layout-flex\" style=\"margin-top:40px;margin-bottom:20px\">\n<div class=\"wp-block-button is-style-fill gutenify-section-60057cd0-0c0b-11ee-b09c-4b7018a9c015\"><a class=\"wp-block-button__link wp-element-button\" href=\"https:\/\/bevisa.co.nz\/vi\/free-assessment\/\" style=\"padding-right:var(--wp--preset--spacing--60);padding-left:var(--wp--preset--spacing--60)\">T\u01b0 V\u1ea5n Mi\u1ec5n Ph\u00ed<\/a><\/div>\n<\/div>\n<\/div>\n<\/div>\n\n\n\n<div class=\"wp-block-column is-vertically-aligned-bottom gutenify-section-6006b550-0c0b-11ee-b09c-4b7018a9c015 is-layout-flow wp-block-column-is-layout-flow\"><\/div>\n<\/div>\n<\/div>\n<\/div><\/div>\n<\/div>","protected":false},"excerpt":{"rendered":"<p>Skilled Migrant Resident Visa There are 3 skills-based pathways that allow you to get New [&hellip;]<\/p>","protected":false},"author":1,"featured_media":0,"parent":321,"menu_order":0,"comment_status":"closed","ping_status":"closed","template":"","meta":{"gutenify_custom_css":"","gutenify_custom_css_data":"","footnotes":""},"_links":{"self":[{"href":"https:\/\/bevisa.co.nz\/vi\/wp-json\/wp\/v2\/pages\/1079"}],"collection":[{"href":"https:\/\/bevisa.co.nz\/vi\/wp-json\/wp\/v2\/pages"}],"about":[{"href":"https:\/\/bevisa.co.nz\/vi\/wp-json\/wp\/v2\/types\/page"}],"author":[{"embeddable":true,"href":"https:\/\/bevisa.co.nz\/vi\/wp-json\/wp\/v2\/users\/1"}],"replies":[{"embeddable":true,"href":"https:\/\/bevisa.co.nz\/vi\/wp-json\/wp\/v2\/comments?post=1079"}],"version-history":[{"count":10,"href":"https:\/\/bevisa.co.nz\/vi\/wp-json\/wp\/v2\/pages\/1079\/revisions"}],"predecessor-version":[{"id":1534,"href":"https:\/\/bevisa.co.nz\/vi\/wp-json\/wp\/v2\/pages\/1079\/revisions\/1534"}],"up":[{"embeddable":true,"href":"https:\/\/bevisa.co.nz\/vi\/wp-json\/wp\/v2\/pages\/321"}],"wp:attachment":[{"href":"https:\/\/bevisa.co.nz\/vi\/wp-json\/wp\/v2\/media?parent=1079"}],"curies":[{"name":"wp","href":"https:\/\/api.w.org\/{rel}","templated":true}]}}