{"id":1161,"date":"2024-07-06T11:08:05","date_gmt":"2024-07-05T23:08:05","guid":{"rendered":"https:\/\/bevisa.co.nz\/?page_id=1161"},"modified":"2024-07-08T22:37:14","modified_gmt":"2024-07-08T10:37:14","slug":"dependent-child-visas","status":"publish","type":"page","link":"https:\/\/bevisa.co.nz\/vi\/visa-services\/dependent-child-visas\/","title":{"rendered":"VISA CHO CON PH\u1ee4 THU\u1ed8C"},"content":{"rendered":"<div class=\"wp-block-group alignfull gutenify-section-6017f360-0c0b-11ee-b09c-4b7018a9c015 is-layout-constrained wp-block-group-is-layout-constrained\" style=\"padding-top:100px;padding-right:30px;padding-bottom:100px;padding-left:30px\">\n<div class=\"wp-block-columns alignwide gutenify-section-600fdd10-0c0b-11ee-b09c-4b7018a9c015 is-layout-flex wp-container-core-columns-is-layout-1 wp-block-columns-is-layout-flex\" style=\"padding-top:0;padding-right:0;padding-bottom:0;padding-left:0\">\n<div class=\"wp-block-column is-vertically-aligned-center gutenify-section-600c0c80-0c0b-11ee-b09c-4b7018a9c015 is-layout-flow wp-block-column-is-layout-flow\" style=\"flex-basis:50%\">\n<div class=\"wp-block-cover is-light has-custom-content-position is-position-bottom-left gutenify-section-bd5b2d00-e427-11ed-aa12-7b96afc3ead5\" style=\"padding-top:var(--wp--preset--spacing--50);padding-right:var(--wp--preset--spacing--50);padding-bottom:var(--wp--preset--spacing--50);padding-left:var(--wp--preset--spacing--50);min-height:734px;aspect-ratio:unset;\"><span aria-hidden=\"true\" class=\"wp-block-cover__background has-background-dim-0 has-background-dim has-background-gradient\" style=\"background-color:#cfb47d;background:linear-gradient(270deg,rgba(0,0,0,0) 88%,rgb(255,255,255) 88%)\"><\/span><img loading=\"lazy\" decoding=\"async\" width=\"960\" height=\"960\" class=\"wp-block-cover__image-background wp-image-1520\" alt=\"\" src=\"https:\/\/bevisa.co.nz\/wp-content\/uploads\/2024\/07\/Going-to-school-resized.jpg\" data-object-fit=\"cover\" srcset=\"https:\/\/bevisa.co.nz\/wp-content\/uploads\/2024\/07\/Going-to-school-resized.jpg 960w, https:\/\/bevisa.co.nz\/wp-content\/uploads\/2024\/07\/Going-to-school-resized-300x300.jpg 300w, https:\/\/bevisa.co.nz\/wp-content\/uploads\/2024\/07\/Going-to-school-resized-150x150.jpg 150w, https:\/\/bevisa.co.nz\/wp-content\/uploads\/2024\/07\/Going-to-school-resized-768x768.jpg 768w, https:\/\/bevisa.co.nz\/wp-content\/uploads\/2024\/07\/Going-to-school-resized-12x12.jpg 12w\" sizes=\"(max-width: 960px) 100vw, 960px\" \/><div class=\"wp-block-cover__inner-container is-layout-flow wp-block-cover-is-layout-flow\">\n<p class=\"has-text-align-center has-large-font-size gutenify-section-f636ea70-3b19-11ef-994d-15720d961505\"><\/p>\n<\/div><\/div>\n<\/div>\n\n\n\n<div class=\"wp-block-column is-vertically-aligned-center gutenify-section-600f67e0-0c0b-11ee-b09c-4b7018a9c015 is-layout-flow wp-block-column-is-layout-flow\" style=\"padding-top:40px;padding-right:40px;padding-bottom:40px;padding-left:40px\">\n<div class=\"wp-block-group alignwide gutenify-section-600ef2b0-0c0b-11ee-b09c-4b7018a9c015 is-layout-constrained wp-container-core-group-is-layout-2 wp-block-group-is-layout-constrained\">\n<h2 class=\"wp-block-heading has-slider-title-font-size gutenify-section-600d1df0-0c0b-11ee-b09c-4b7018a9c015\" style=\"font-style:normal;font-weight:600;text-transform:capitalize\">visa du h\u1ecdc cho con ph\u1ee5 thu\u1ed9c<\/h2>\n\n\n\n<p class=\"gutenify-section-600d6c10-0c0b-11ee-b09c-4b7018a9c015\">Visa Du H\u1ecdc Cho Con Ph\u1ee5 Thu\u1ed9c d\u00e0nh cho nh\u1eefng tr\u1ebb em ph\u1ee5 thu\u1ed9c t\u1eeb 5 \u0111\u1ebfn 19 tu\u1ed5i c\u00f3 cha m\u1eb9 \u0111ang gi\u1eef visa vi\u1ec7c l\u00e0m t\u1ea1i New Zealand. Visa n\u00e0y cho ph\u00e9p c\u00e1c em s\u1ed1ng t\u1ea1i New Zealand v\u00e0 h\u1ecdc t\u1ea1i c\u00e1c tr\u01b0\u1eddng ti\u1ec3u h\u1ecdc, trung h\u1ecdc c\u01a1 s\u1edf, ho\u1eb7c trung h\u1ecdc ph\u1ed5 th\u00f4ng nh\u01b0 h\u1ecdc sinh b\u1ea3n \u0111\u1ecba.<\/p>\n\n\n\n<p class=\"gutenify-section-c5e16940-3b19-11ef-994d-15720d961505\">V\u1edbi visa n\u00e0y, c\u00e1c em \u0111\u01b0\u1ee3c h\u01b0\u1edfng nh\u1eefng l\u1ee3i \u00edch gi\u00e1o d\u1ee5c t\u01b0\u01a1ng t\u1ef1 nh\u01b0 h\u1ecdc sinh b\u1ea3n \u0111\u1ecba m\u00e0 kh\u00f4ng ph\u1ea3i tr\u1ea3 ph\u00ed h\u1ecdc sinh qu\u1ed1c t\u1ebf. <\/p>\n\n\n\n<p class=\"gutenify-section-e21da6f0-3b19-11ef-994d-15720d961505\">Li\u00ean h\u1ec7 v\u1edbi ch\u00fang t\u00f4i \u0111\u1ec3 \u0111\u00e1nh gi\u00e1 xem b\u1ea1n c\u00f3 \u0111\u00e1p \u1ee9ng c\u00e1c ti\u00eau ch\u00ed \u0111\u1ec3 h\u1ed7 tr\u1ee3 con b\u1ea1n xin Visa Du H\u1ecdc Cho Con Ph\u1ee5 Thu\u1ed9c v\u00e0 mang l\u1ea1i cho c\u00e1c em m\u1ed9t tr\u1ea3i nghi\u1ec7m gi\u00e1o d\u1ee5c qu\u00fd gi\u00e1 t\u1ea1i New Zealand.&nbsp;<\/p>\n\n\n\n<div class=\"wp-block-group gutenify-section-bd5ed680-e427-11ed-aa12-7b96afc3ead5 is-layout-constrained wp-block-group-is-layout-constrained\">\n<div class=\"wp-block-buttons gutenify-section-bd5e6150-e427-11ed-aa12-7b96afc3ead5 is-content-justification-left is-layout-flex wp-container-core-buttons-is-layout-1 wp-block-buttons-is-layout-flex\" style=\"margin-top:35px;margin-bottom:20px\">\n<div class=\"wp-block-button is-style-fill gutenify-section-bd5e3a40-e427-11ed-aa12-7b96afc3ead5\"><a class=\"wp-block-button__link wp-element-button\" href=\"https:\/\/bevisa.co.nz\/vi\/free-assessment\/\">T\u01b0 V\u1ea5n Mi\u1ec5n Ph\u00ed<\/a><\/div>\n<\/div>\n<\/div>\n<\/div>\n<\/div>\n<\/div>\n\n\n\n<h2 class=\"wp-block-heading has-text-align-center has-slider-title-font-size gutenify-section-a0bc1050-3b1b-11ef-994d-15720d961505\">Visa Du L\u1ecbch Cho Con Ph\u1ee5 Thu\u1ed9c<\/h2>\n\n\n\n<p class=\"gutenify-section-bfd3f6b0-3b1b-11ef-994d-15720d961505\">N\u1ebfu con b\u1ea1n nh\u1ecf h\u01a1n 5 tu\u1ed5i, do ch\u01b0a \u0111\u01b0\u1ee3c \u0111i h\u1ecdc t\u1ea1i tr\u01b0\u1eddng ti\u1ec3u h\u1ecdc \u1edf New Zealand, thay v\u00ec Visa Du H\u1ecdc \u1edf tr\u00ean, con b\u1ea1n c\u00f3 th\u1ec3 \u0111\u1ee7 \u0111i\u1ec1u ki\u1ec7n \u0111\u1ec3 xin Visa Du L\u1ecbch cho Con Ph\u1ee5 Thu\u1ed9c. <\/p>\n\n\n\n<p class=\"gutenify-section-79445860-3b1c-11ef-994d-15720d961505\">H\u00e3y li\u00ean h\u1ec7 v\u1edbi ch\u00fang t\u00f4i \u0111\u1ec3 \u0111\u01b0\u1ee3c t\u01b0 v\u1ea5n ban \u0111\u1ea7u mi\u1ec5n ph\u00ed.<\/p>\n<\/div>","protected":false},"excerpt":{"rendered":"<p>dependent child student visa The Dependent Child Student Visa is for dependent children from 5 [&hellip;]<\/p>","protected":false},"author":1,"featured_media":0,"parent":321,"menu_order":0,"comment_status":"closed","ping_status":"closed","template":"","meta":{"gutenify_custom_css":"","gutenify_custom_css_data":"","footnotes":""},"_links":{"self":[{"href":"https:\/\/bevisa.co.nz\/vi\/wp-json\/wp\/v2\/pages\/1161"}],"collection":[{"href":"https:\/\/bevisa.co.nz\/vi\/wp-json\/wp\/v2\/pages"}],"about":[{"href":"https:\/\/bevisa.co.nz\/vi\/wp-json\/wp\/v2\/types\/page"}],"author":[{"embeddable":true,"href":"https:\/\/bevisa.co.nz\/vi\/wp-json\/wp\/v2\/users\/1"}],"replies":[{"embeddable":true,"href":"https:\/\/bevisa.co.nz\/vi\/wp-json\/wp\/v2\/comments?post=1161"}],"version-history":[{"count":13,"href":"https:\/\/bevisa.co.nz\/vi\/wp-json\/wp\/v2\/pages\/1161\/revisions"}],"predecessor-version":[{"id":1521,"href":"https:\/\/bevisa.co.nz\/vi\/wp-json\/wp\/v2\/pages\/1161\/revisions\/1521"}],"up":[{"embeddable":true,"href":"https:\/\/bevisa.co.nz\/vi\/wp-json\/wp\/v2\/pages\/321"}],"wp:attachment":[{"href":"https:\/\/bevisa.co.nz\/vi\/wp-json\/wp\/v2\/media?parent=1161"}],"curies":[{"name":"wp","href":"https:\/\/api.w.org\/{rel}","templated":true}]}}