{"id":171,"date":"2024-06-30T20:49:11","date_gmt":"2024-06-30T08:49:11","guid":{"rendered":"https:\/\/bevisa.co.nz\/?page_id=171"},"modified":"2024-07-08T22:57:56","modified_gmt":"2024-07-08T10:57:56","slug":"free-assessment","status":"publish","type":"page","link":"https:\/\/bevisa.co.nz\/vi\/free-assessment\/","title":{"rendered":"T\u01af V\u1ea4N MI\u1ec4N PH\u00cd"},"content":{"rendered":"<div class=\"wp-block-group alignwide gutenify-section-cda3f000-359f-11ef-9313-1ffebc1002e1 is-layout-constrained wp-block-group-is-layout-constrained\" style=\"padding-top:100px;padding-right:30px;padding-bottom:100px;padding-left:30px\">\n<h2 class=\"wp-block-heading alignwide has-gravitas-one-font-family gutenify-section-78042f80-3864-11ef-a585-4dd6da4fb4e3\">H\u00e3y li\u00ean h\u1ec7 v\u1edbi ch\u00fang t\u00f4i \u0111\u1ec3 \u0111\u01b0\u1ee3c t\u01b0 v\u1ea5n mi\u1ec5n ph\u00ed!<\/h2>\n\n\n\n<h5 class=\"wp-block-heading alignwide has-montserrat-font-family gutenify-section-fdca1880-39ec-11ef-ab54-3b73c6be0188\" style=\"font-size:17px;font-style:normal;font-weight:500\">T\u1ea1i BE VISA, ch\u00fang t\u00f4i s\u1ebd t\u1eadn t\u00e2m h\u1ed7 tr\u1ee3 b\u1ea1n trong h\u00e0nh tr\u00ecnh \u0111\u1ebfn New Zealand. Vui l\u00f2ng cung c\u1ea5p th\u00f4ng tin v\u1ec1 b\u1ea1n \u0111\u1ec3 \u0111\u0103ng k\u00ed t\u01b0 v\u1ea5n mi\u1ec5n ph\u00ed v\u1edbi c\u1ed1 v\u1ea5n di tr\u00fa c\u1ee7a ch\u00fang t\u00f4i<\/h5>\n\n\n\n<div class=\"wp-block-columns alignwide gutenify-section-cda01f70-359f-11ef-9313-1ffebc1002e1 is-layout-flex wp-container-core-columns-is-layout-1 wp-block-columns-is-layout-flex\" style=\"padding-top:0;padding-right:0;padding-bottom:0;padding-left:0\">\n<div class=\"wp-block-column is-vertically-aligned-center gutenify-section-cd4b48b0-359f-11ef-9313-1ffebc1002e1 is-layout-flow wp-block-column-is-layout-flow\" style=\"flex-basis:50%\">\n<div class=\"wp-block-cover is-light has-custom-content-position is-position-bottom-left gutenify-section-bd5b2d00-e427-11ed-aa12-7b96afc3ead5\" style=\"padding-top:var(--wp--preset--spacing--50);padding-right:var(--wp--preset--spacing--50);padding-bottom:var(--wp--preset--spacing--50);padding-left:var(--wp--preset--spacing--50);min-height:768px;aspect-ratio:unset;\"><span aria-hidden=\"true\" class=\"wp-block-cover__background has-background-dim-0 has-background-dim has-background-gradient\" style=\"background-color:#939699;background:linear-gradient(270deg,rgba(0,0,0,0) 88%,rgb(255,255,255) 88%)\"><\/span><img loading=\"lazy\" decoding=\"async\" width=\"1024\" height=\"1024\" class=\"wp-block-cover__image-background wp-image-1542\" alt=\"\" src=\"https:\/\/bevisa.co.nz\/wp-content\/uploads\/2024\/07\/get-in-touch.jpg\" data-object-fit=\"cover\" srcset=\"https:\/\/bevisa.co.nz\/wp-content\/uploads\/2024\/07\/get-in-touch.jpg 1024w, https:\/\/bevisa.co.nz\/wp-content\/uploads\/2024\/07\/get-in-touch-300x300.jpg 300w, https:\/\/bevisa.co.nz\/wp-content\/uploads\/2024\/07\/get-in-touch-150x150.jpg 150w, https:\/\/bevisa.co.nz\/wp-content\/uploads\/2024\/07\/get-in-touch-768x768.jpg 768w, https:\/\/bevisa.co.nz\/wp-content\/uploads\/2024\/07\/get-in-touch-12x12.jpg 12w\" sizes=\"(max-width: 1024px) 100vw, 1024px\" \/><div class=\"wp-block-cover__inner-container is-layout-flow wp-block-cover-is-layout-flow\">\n<p class=\"has-text-align-center has-large-font-size gutenify-section-b9a609c0-36bd-11ef-92b7-adbf32787cb2\"><\/p>\n<\/div><\/div>\n<\/div>\n\n\n\n<div class=\"wp-block-column is-vertically-aligned-stretch ticss-3a1c0c5e gutenify-section-cd9d8760-359f-11ef-9313-1ffebc1002e1 is-layout-flow wp-block-column-is-layout-flow\" style=\"padding-top:40px;padding-right:40px;padding-bottom:40px;padding-left:40px\">\n<div class=\"wp-block-group alignwide gutenify-section-cd9745d0-359f-11ef-9313-1ffebc1002e1 is-layout-constrained wp-container-core-group-is-layout-2 wp-block-group-is-layout-constrained\">\n<div class=\"wp-block-group gutenify-section-cd5dbf40-359f-11ef-9313-1ffebc1002e1 is-nowrap is-layout-flex wp-container-core-group-is-layout-1 wp-block-group-is-layout-flex\">\n<p class=\"has-text-align-center has-no-hover-shadow-dark has-primary-color has-background-background-color has-text-color has-background has-small-font-size gutenify-section-cd4d4480-359f-11ef-9313-1ffebc1002e1\" style=\"padding-top:4px;padding-right:var(--wp--preset--spacing--40);padding-bottom:4px;padding-left:var(--wp--preset--spacing--40);letter-spacing:0px\"><strong><strong>VUI L\u00d2NG CUNG C\u1ea4P<\/strong><\/strong><\/p>\n<\/div>\n<\/div>\n\n\n\n<div class=\"wpcf7 no-js\" id=\"wpcf7-f278-o1\" lang=\"en-NZ\" dir=\"ltr\">\n<div class=\"screen-reader-response\"><p role=\"status\" aria-live=\"polite\" aria-atomic=\"true\"><\/p> <ul><\/ul><\/div>\n<form action=\"\/vi\/wp-json\/wp\/v2\/pages\/171#wpcf7-f278-o1\" method=\"post\" class=\"wpcf7-form init\" aria-label=\"Contact form\" novalidate=\"novalidate\" data-status=\"init\" data-trp-original-action=\"\/vi\/wp-json\/wp\/v2\/pages\/171#wpcf7-f278-o1\">\n<div style=\"display: none;\">\n<input type=\"hidden\" name=\"_wpcf7\" value=\"278\" \/>\n<input type=\"hidden\" name=\"_wpcf7_version\" value=\"5.9.8\" \/>\n<input type=\"hidden\" name=\"_wpcf7_locale\" value=\"en_NZ\" \/>\n<input type=\"hidden\" name=\"_wpcf7_unit_tag\" value=\"wpcf7-f278-o1\" \/>\n<input type=\"hidden\" name=\"_wpcf7_container_post\" value=\"0\" \/>\n<input type=\"hidden\" name=\"_wpcf7_posted_data_hash\" value=\"\" \/>\n<\/div>\n<p><label> T\u00ean<br \/>\n<span class=\"wpcf7-form-control-wrap\" data-name=\"your-name\"><input size=\"40\" maxlength=\"400\" class=\"wpcf7-form-control wpcf7-text wpcf7-validates-as-required\" autocomplete=\"name\" aria-required=\"true\" aria-invalid=\"false\" value=\"\" type=\"text\" name=\"your-name\" \/><\/span> <\/label>\n<\/p>\n<p><label> Email<br \/>\n<span class=\"wpcf7-form-control-wrap\" data-name=\"your-email\"><input size=\"40\" maxlength=\"400\" class=\"wpcf7-form-control wpcf7-email wpcf7-validates-as-required wpcf7-text wpcf7-validates-as-email\" autocomplete=\"email\" aria-required=\"true\" aria-invalid=\"false\" value=\"\" type=\"email\" name=\"your-email\" \/><\/span> <\/label>\n<\/p>\n<p><label> S\u1ed1 \u0110i\u1ec7n Tho\u1ea1i<br \/>\n<span class=\"wpcf7-form-control-wrap\" data-name=\"your-tel\"><input size=\"40\" maxlength=\"400\" class=\"wpcf7-form-control wpcf7-tel wpcf7-validates-as-required wpcf7-text wpcf7-validates-as-tel\" autocomplete=\"tel\" aria-required=\"true\" aria-invalid=\"false\" value=\"\" type=\"tel\" name=\"your-tel\" \/><\/span> <\/label>\n<\/p>\n<p>B\u1ea1n \u0111ang \u1edf New Zealand?<br \/>\n<span class=\"wpcf7-form-control-wrap\" data-name=\"your-in-nz\"><select class=\"wpcf7-form-control wpcf7-select wpcf7-validates-as-required\" aria-required=\"true\" aria-invalid=\"false\" name=\"your-in-nz\"><option value=\"\">--Vui l\u00f2ng ch\u1ecdn--<\/option><option value=\"Yes\">\u0110\u00fang<\/option><option value=\"No\">Kh\u00f4ng<\/option><\/select><\/span>\n<\/p>\n<p>Lo\u1ea1i Visa b\u1ea1n \u0111ang mu\u1ed1n n\u1ed9p?<br \/>\n<span class=\"wpcf7-form-control-wrap\" data-name=\"your-visa\"><select class=\"wpcf7-form-control wpcf7-select wpcf7-validates-as-required\" aria-required=\"true\" aria-invalid=\"false\" name=\"your-visa\"><option value=\"\">--Vui l\u00f2ng ch\u1ecdn--<\/option><option value=\"Work Visa\">Visa \u0110i L\u00e0m<\/option><option value=\"Student Visa\">Visa Du H\u1ecdc<\/option><option value=\"Guardian Visa\">Visa Gi\u00e1m H\u1ed9<\/option><option value=\"Visitor Visa\">Visa Du L\u1ecbch<\/option><option value=\"Resident Visa\">Visa Th\u01b0\u1eddng Tr\u00fa<\/option><option value=\"Other\">Lo\u1ea1i kh\u00e1c<\/option><\/select><\/span>\n<\/p>\n<p><label> Ch\u00fang t\u00f4i c\u00f3 th\u1ec3 gi\u00fap g\u00ec?<br \/>\n<span class=\"wpcf7-form-control-wrap\" data-name=\"your-message\"><textarea cols=\"40\" rows=\"10\" maxlength=\"2000\" class=\"wpcf7-form-control wpcf7-textarea\" aria-invalid=\"false\" name=\"your-message\"><\/textarea><\/span> <\/label>\n<\/p>\n<p><input class=\"wpcf7-form-control wpcf7-submit has-spinner\" type=\"submit\" value=\"G\u1eedi\" \/>\n<\/p><div class=\"wpcf7-response-output\" aria-hidden=\"true\"><\/div>\n<input type=\"hidden\" name=\"trp-form-language\" value=\"vi\"\/><\/form>\n<\/div>\n\n<\/div>\n<\/div>\n<\/div>","protected":false},"excerpt":{"rendered":"<p>Get in touch for a free assessment! At Be Visa, we&#8217;re dedicated to helping you [&hellip;]<\/p>","protected":false},"author":1,"featured_media":0,"parent":0,"menu_order":0,"comment_status":"closed","ping_status":"closed","template":"","meta":{"gutenify_custom_css":"","gutenify_custom_css_data":"","footnotes":""},"_links":{"self":[{"href":"https:\/\/bevisa.co.nz\/vi\/wp-json\/wp\/v2\/pages\/171"}],"collection":[{"href":"https:\/\/bevisa.co.nz\/vi\/wp-json\/wp\/v2\/pages"}],"about":[{"href":"https:\/\/bevisa.co.nz\/vi\/wp-json\/wp\/v2\/types\/page"}],"author":[{"embeddable":true,"href":"https:\/\/bevisa.co.nz\/vi\/wp-json\/wp\/v2\/users\/1"}],"replies":[{"embeddable":true,"href":"https:\/\/bevisa.co.nz\/vi\/wp-json\/wp\/v2\/comments?post=171"}],"version-history":[{"count":14,"href":"https:\/\/bevisa.co.nz\/vi\/wp-json\/wp\/v2\/pages\/171\/revisions"}],"predecessor-version":[{"id":1543,"href":"https:\/\/bevisa.co.nz\/vi\/wp-json\/wp\/v2\/pages\/171\/revisions\/1543"}],"wp:attachment":[{"href":"https:\/\/bevisa.co.nz\/vi\/wp-json\/wp\/v2\/media?parent=171"}],"curies":[{"name":"wp","href":"https:\/\/api.w.org\/{rel}","templated":true}]}}