{"id":317,"date":"2024-06-30T20:35:07","date_gmt":"2024-06-30T08:35:07","guid":{"rendered":"https:\/\/bevisa.co.nz\/en\/?page_id=317"},"modified":"2024-07-08T23:11:56","modified_gmt":"2024-07-08T11:11:56","slug":"employers","status":"publish","type":"page","link":"https:\/\/bevisa.co.nz\/vi\/employers\/","title":{"rendered":"DOANH NGHI\u1ec6P"},"content":{"rendered":"<div class=\"wp-block-group alignfull gutenify-section-6017f360-0c0b-11ee-b09c-4b7018a9c015 is-layout-constrained wp-block-group-is-layout-constrained\" style=\"padding-top:100px;padding-right:30px;padding-bottom:100px;padding-left:30px\">\n<div class=\"wp-block-columns alignwide gutenify-section-600fdd10-0c0b-11ee-b09c-4b7018a9c015 is-layout-flex wp-container-core-columns-is-layout-1 wp-block-columns-is-layout-flex\" style=\"padding-top:0;padding-right:0;padding-bottom:0;padding-left:0\">\n<div class=\"wp-block-column is-vertically-aligned-center gutenify-section-600c0c80-0c0b-11ee-b09c-4b7018a9c015 is-layout-flow wp-block-column-is-layout-flow\" style=\"flex-basis:50%\">\n<div class=\"wp-block-cover has-custom-content-position is-position-bottom-left gutenify-section-bd5b2d00-e427-11ed-aa12-7b96afc3ead5\" style=\"padding-top:var(--wp--preset--spacing--50);padding-right:var(--wp--preset--spacing--50);padding-bottom:var(--wp--preset--spacing--50);padding-left:var(--wp--preset--spacing--50);min-height:523px;aspect-ratio:unset;\"><span aria-hidden=\"true\" class=\"wp-block-cover__background has-background-dim-0 has-background-dim has-background-gradient\" style=\"background-color:#5e686e;background:linear-gradient(270deg,rgba(0,0,0,0) 88%,rgb(255,255,255) 88%)\"><\/span><img loading=\"lazy\" decoding=\"async\" width=\"1024\" height=\"1024\" class=\"wp-block-cover__image-background wp-image-1553\" alt=\"\" src=\"https:\/\/bevisa.co.nz\/wp-content\/uploads\/2024\/07\/Find-employee.jpg\" data-object-fit=\"cover\" srcset=\"https:\/\/bevisa.co.nz\/wp-content\/uploads\/2024\/07\/Find-employee.jpg 1024w, https:\/\/bevisa.co.nz\/wp-content\/uploads\/2024\/07\/Find-employee-300x300.jpg 300w, https:\/\/bevisa.co.nz\/wp-content\/uploads\/2024\/07\/Find-employee-150x150.jpg 150w, https:\/\/bevisa.co.nz\/wp-content\/uploads\/2024\/07\/Find-employee-768x768.jpg 768w, https:\/\/bevisa.co.nz\/wp-content\/uploads\/2024\/07\/Find-employee-12x12.jpg 12w\" sizes=\"(max-width: 1024px) 100vw, 1024px\" \/><div class=\"wp-block-cover__inner-container is-layout-flow wp-block-cover-is-layout-flow\">\n<p class=\"has-text-align-center has-large-font-size gutenify-section-8d896b50-39b2-11ef-b396-2d61591d3447\"><\/p>\n<\/div><\/div>\n<\/div>\n\n\n\n<div class=\"wp-block-column is-vertically-aligned-stretch gutenify-section-600f67e0-0c0b-11ee-b09c-4b7018a9c015 is-layout-flow wp-block-column-is-layout-flow\" style=\"padding-top:40px;padding-right:40px;padding-bottom:40px;padding-left:40px\">\n<div class=\"wp-block-group alignwide gutenify-section-600ef2b0-0c0b-11ee-b09c-4b7018a9c015 is-layout-constrained wp-container-core-group-is-layout-2 wp-block-group-is-layout-constrained\">\n<div class=\"wp-block-group gutenify-section-600ccfd0-0c0b-11ee-b09c-4b7018a9c015 is-nowrap is-layout-flex wp-container-core-group-is-layout-1 wp-block-group-is-layout-flex\">\n<p class=\"has-text-align-center has-no-hover-shadow-dark has-primary-color has-background-background-color has-text-color has-background has-small-font-size gutenify-section-81b56d20-0d11-11ee-9f35-df9dda01b8e3\" style=\"padding-top:4px;padding-right:var(--wp--preset--spacing--40);padding-bottom:4px;padding-left:var(--wp--preset--spacing--40);letter-spacing:0px\"><strong><strong><strong>DOANH NGHI\u1ec6P NEW ZEALAND<\/strong><\/strong><\/strong><\/p>\n<\/div>\n\n\n\n<h2 class=\"wp-block-heading alignfull gutenify-section-600d1df0-0c0b-11ee-b09c-4b7018a9c015\" style=\"font-size:33px;font-style:normal;font-weight:600;text-transform:capitalize\"><strong>B\u1ea1n \u0111ang t\u00ecm ki\u1ebfm c\u00e1c c\u00e1 nh\u00e2n c\u00f3 k\u1ef9 n\u0103ng t\u1eeb n\u01b0\u1edbc ngo\u00e0i?<\/strong><\/h2>\n\n\n\n<p class=\"gutenify-section-600d6c10-0c0b-11ee-b09c-4b7018a9c015\">Ch\u00fang t\u00f4i s\u1eb5n s\u00e0ng h\u1ed7 tr\u1ee3 b\u1ea1n. D\u1ecbch v\u1ee5 c\u1ee7a ch\u00fang t\u00f4i h\u1ed7 tr\u1ee3 doanh nghi\u1ec7p b\u1ea1n xin Employer Accreditation v\u00e0 Job Check, gi\u00fap b\u1ea1n \u0111\u00e1p \u1ee9ng c\u00e1c y\u00eau c\u1ea7u do C\u01a1 quan Di tr\u00fa New Zealand \u0111\u1eb7t ra.&nbsp;<\/p>\n<\/div>\n<\/div>\n<\/div>\n<\/div>\n\n\n\n<div class=\"wp-block-group alignfull has-white-background-color has-background gutenify-section-603bf620-0c0b-11ee-b09c-4b7018a9c015 is-layout-constrained wp-block-group-is-layout-constrained\" style=\"border-style:none;border-width:0px;padding-top:100px;padding-right:30px;padding-bottom:100px;padding-left:30px\">\n<div class=\"wp-block-group alignwide gutenify-section-603b80f0-0c0b-11ee-b09c-4b7018a9c015 is-layout-constrained wp-block-group-is-layout-constrained\">\n<div class=\"wp-block-group alignwide gutenify-section-60214230-0c0b-11ee-b09c-4b7018a9c015 is-layout-flow wp-container-core-group-is-layout-5 wp-block-group-is-layout-flow\" style=\"padding-bottom:35px\">\n<div class=\"wp-block-group gutenify-section-602057d0-0c0b-11ee-b09c-4b7018a9c015 is-content-justification-center is-nowrap is-layout-flex wp-container-core-group-is-layout-4 wp-block-group-is-layout-flex\">\n<p class=\"has-text-align-center has-no-hover-shadow-dark has-primary-color has-background-background-color has-text-color has-background has-small-font-size gutenify-section-87e1ee80-0d11-11ee-9f35-df9dda01b8e3\" style=\"padding-top:4px;padding-right:var(--wp--preset--spacing--40);padding-bottom:4px;padding-left:var(--wp--preset--spacing--40);letter-spacing:0px\"><strong>CH\u00daNG T\u00d4I CUNG C\u1ea4P<\/strong><\/p>\n<\/div>\n\n\n\n<h2 class=\"wp-block-heading alignwide has-text-align-center has-foreground-color has-text-color has-slider-title-font-size gutenify-section-6020cd00-0c0b-11ee-b09c-4b7018a9c015\" style=\"line-height:1.3;text-transform:capitalize\">D\u1ecbch V\u1ee5 D\u00e0nh Cho Doanh Nghi\u1ec7p<\/h2>\n<\/div>\n\n\n\n<div class=\"wp-block-columns alignfull are-vertically-aligned-top gutenify-section-602d7730-0c0b-11ee-b09c-4b7018a9c015 is-layout-flex wp-container-core-columns-is-layout-2 wp-block-columns-is-layout-flex\">\n<div class=\"wp-block-column is-vertically-aligned-top gutenify-section-602512c0-0c0b-11ee-b09c-4b7018a9c015 is-layout-flow wp-block-column-is-layout-flow\">\n<div class=\"wp-block-group alignwide has-shadow-dark gutenify-section-60249d90-0c0b-11ee-b09c-4b7018a9c015 is-layout-flow wp-container-core-group-is-layout-7 wp-block-group-is-layout-flow\" id=\"accreditation\" style=\"border-radius:5px;padding-top:40px;padding-right:40px;padding-bottom:40px;padding-left:40px\">\n<div class=\"wp-block-group gutenify-section-60222c90-0c0b-11ee-b09c-4b7018a9c015 is-layout-flow wp-block-group-is-layout-flow\" style=\"padding-bottom:15px\">\n<figure class=\"wp-block-image aligncenter size-full is-resized has-custom-border gutenify-section-6021b760-0c0b-11ee-b09c-4b7018a9c015 wp-duotone-unset-1\"><img loading=\"lazy\" decoding=\"async\" width=\"1024\" height=\"1024\" src=\"https:\/\/bevisa.co.nz\/wp-content\/uploads\/2024\/07\/Designer-8.png\" alt=\"\" class=\"wp-image-781\" style=\"border-radius:0px;width:64px;height:64px\" srcset=\"https:\/\/bevisa.co.nz\/wp-content\/uploads\/2024\/07\/Designer-8.png 1024w, https:\/\/bevisa.co.nz\/wp-content\/uploads\/2024\/07\/Designer-8-300x300.png 300w, https:\/\/bevisa.co.nz\/wp-content\/uploads\/2024\/07\/Designer-8-150x150.png 150w, https:\/\/bevisa.co.nz\/wp-content\/uploads\/2024\/07\/Designer-8-768x768.png 768w\" sizes=\"(max-width: 1024px) 100vw, 1024px\" \/><\/figure>\n<\/div>\n\n\n\n<h3 class=\"wp-block-heading has-text-align-center gutenify-section-6022c8d0-0c0b-11ee-b09c-4b7018a9c015\" style=\"margin-top:10px;margin-right:10px;margin-bottom:10px;margin-left:10px\">Employer Accreditation<\/h3>\n\n\n\n<p class=\"has-text-align-left gutenify-section-60233e00-0c0b-11ee-b09c-4b7018a9c015\" style=\"padding-top:var(--wp--preset--spacing--20);padding-bottom:var(--wp--preset--spacing--20)\">Employer Accreditation l\u00e0 m\u1ed9t tr\u1ea1ng th\u00e1i \u0111\u01b0\u1ee3c C\u01a1 quan Di tr\u00fa New Zealand c\u1ea5p cho nh\u1eefng nh\u00e0 tuy\u1ec3n d\u1ee5ng \u0111\u00e1p \u1ee9ng c\u00e1c ti\u00eau ch\u00ed c\u1ee5 th\u1ec3, cho ph\u00e9p h\u1ecd tuy\u1ec3n d\u1ee5ng lao \u0111\u1ed9ng c\u00f3 tay ngh\u1ec1 t\u1eeb n\u01b0\u1edbc ngo\u00e0i.<\/p>\n\n\n\n<p style=\"padding-top:var(--wp--preset--spacing--20);padding-bottom:var(--wp--preset--spacing--20)\" class=\"gutenify-section-f2f2d8c0-39b5-11ef-b396-2d61591d3447\">Ch\u00fang t\u00f4i h\u1ed7 tr\u1ee3 b\u1ea1n qua qu\u00e1 tr\u00ecnh n\u00e0y, gi\u00fap b\u1ea1n ch\u1ee9ng minh c\u00e1c th\u1ef1c h\u00e0nh t\u1ea1i n\u01a1i l\u00e0m vi\u1ec7c c\u1ee7a b\u1ea1n \u0111\u00e1p \u1ee9ng c\u00e1c ti\u00eau chu\u1ea9n c\u1ea7n thi\u1ebft.<\/p>\n<\/div>\n<\/div>\n\n\n\n<div class=\"wp-block-column is-vertically-aligned-top gutenify-section-6028e350-0c0b-11ee-b09c-4b7018a9c015 is-layout-flow wp-block-column-is-layout-flow\">\n<div class=\"wp-block-group alignwide has-shadow-dark gutenify-section-60286e20-0c0b-11ee-b09c-4b7018a9c015 is-layout-flow wp-container-core-group-is-layout-9 wp-block-group-is-layout-flow\" id=\"job-check\" style=\"border-radius:5px;padding-top:40px;padding-right:40px;padding-bottom:40px;padding-left:40px\">\n<div class=\"wp-block-group gutenify-section-6025fd20-0c0b-11ee-b09c-4b7018a9c015 is-layout-flow wp-block-group-is-layout-flow\" style=\"padding-bottom:15px\">\n<figure class=\"wp-block-image aligncenter size-full is-resized has-custom-border gutenify-section-602587f0-0c0b-11ee-b09c-4b7018a9c015 wp-duotone-unset-2\"><img loading=\"lazy\" decoding=\"async\" width=\"1024\" height=\"1024\" src=\"https:\/\/bevisa.co.nz\/wp-content\/uploads\/2024\/07\/Designer-10.png\" alt=\"\" class=\"wp-image-783\" style=\"border-radius:0px;width:64px;height:64px\" srcset=\"https:\/\/bevisa.co.nz\/wp-content\/uploads\/2024\/07\/Designer-10.png 1024w, https:\/\/bevisa.co.nz\/wp-content\/uploads\/2024\/07\/Designer-10-300x300.png 300w, https:\/\/bevisa.co.nz\/wp-content\/uploads\/2024\/07\/Designer-10-150x150.png 150w, https:\/\/bevisa.co.nz\/wp-content\/uploads\/2024\/07\/Designer-10-768x768.png 768w\" sizes=\"(max-width: 1024px) 100vw, 1024px\" \/><\/figure>\n<\/div>\n\n\n\n<h3 class=\"wp-block-heading has-text-align-center gutenify-section-60267250-0c0b-11ee-b09c-4b7018a9c015\" style=\"margin-top:10px;margin-right:10px;margin-bottom:10px;margin-left:10px\">Job Check<\/h3>\n\n\n\n<p class=\"has-text-align-left gutenify-section-6026e780-0c0b-11ee-b09c-4b7018a9c015\" style=\"padding-top:var(--wp--preset--spacing--20);padding-bottom:var(--wp--preset--spacing--20)\">Job Check l\u00e0 m\u1ed9t qu\u00e1 tr\u00ecnh x\u00e1c minh \u0111\u1ea3m b\u1ea3o r\u1eb1ng l\u1eddi m\u1eddi l\u00e0m vi\u1ec7c cho lao \u0111\u1ed9ng n\u01b0\u1edbc ngo\u00e0i \u0111\u00e1p \u1ee9ng c\u00e1c y\u00eau c\u1ea7u c\u1ee7a C\u01a1 quan Di tr\u00fa New Zealand. <\/p>\n\n\n\n<p style=\"padding-top:var(--wp--preset--spacing--20);padding-bottom:var(--wp--preset--spacing--20)\" class=\"gutenify-section-4cb327f0-39b8-11ef-b396-2d61591d3447\">Ch\u00fang t\u00f4i h\u1ed7 tr\u1ee3 b\u1ea1n trong vi\u1ec7c n\u1ed9p \u0111\u01a1n ki\u1ec3m tra c\u00f4ng vi\u1ec7c, \u0111\u1ea3m b\u1ea3o c\u00f4ng vi\u1ec7c l\u00e0 h\u1ee3p l\u1ec7, \u0111\u00e3 \u0111\u01b0\u1ee3c qu\u1ea3ng c\u00e1o cho ng\u01b0\u1eddi d\u00e2n New Zealand tr\u01b0\u1edbc ti\u00ean, tu\u00e2n th\u1ee7 c\u00e1c ti\u00eau chu\u1ea9n v\u00e0 \u0111i\u1ec1u ki\u1ec7n lao \u0111\u1ed9ng.<\/p>\n<\/div>\n<\/div>\n<\/div>\n<\/div>\n<\/div>\n\n\n\n<div class=\"wp-block-group alignfull has-secondary-background-color has-background gutenify-section-60432210-0c0b-11ee-b09c-4b7018a9c015 is-layout-constrained wp-container-core-group-is-layout-14 wp-block-group-is-layout-constrained\" style=\"padding-top:0px;padding-right:0px;padding-bottom:0px;padding-left:0px\">\n<div class=\"wp-block-cover alignfull gutenify-section-604285d0-0c0b-11ee-b09c-4b7018a9c015\" style=\"padding-top:100px;padding-right:30px;padding-bottom:100px;padding-left:30px\"><span aria-hidden=\"true\" class=\"wp-block-cover__background has-foreground-background-color has-background-dim-60 has-background-dim\"><\/span><img loading=\"lazy\" decoding=\"async\" width=\"1366\" height=\"768\" class=\"wp-block-cover__image-background wp-image-1554\" alt=\"\" src=\"https:\/\/bevisa.co.nz\/wp-content\/uploads\/2024\/07\/Untitled-design-1.jpg\" data-object-fit=\"cover\" srcset=\"https:\/\/bevisa.co.nz\/wp-content\/uploads\/2024\/07\/Untitled-design-1.jpg 1366w, https:\/\/bevisa.co.nz\/wp-content\/uploads\/2024\/07\/Untitled-design-1-300x169.jpg 300w, https:\/\/bevisa.co.nz\/wp-content\/uploads\/2024\/07\/Untitled-design-1-1024x576.jpg 1024w, https:\/\/bevisa.co.nz\/wp-content\/uploads\/2024\/07\/Untitled-design-1-768x432.jpg 768w, https:\/\/bevisa.co.nz\/wp-content\/uploads\/2024\/07\/Untitled-design-1-18x10.jpg 18w\" sizes=\"(max-width: 1366px) 100vw, 1366px\" \/><div class=\"wp-block-cover__inner-container is-layout-flow wp-block-cover-is-layout-flow\">\n<div class=\"wp-block-group alignwide gutenify-section-60412640-0c0b-11ee-b09c-4b7018a9c015 is-layout-constrained wp-block-group-is-layout-constrained\">\n<div class=\"wp-block-group alignwide has-background-color has-text-color gutenify-section-6040b110-0c0b-11ee-b09c-4b7018a9c015 is-layout-flow wp-container-core-group-is-layout-12 wp-block-group-is-layout-flow\" style=\"padding-top:40px;padding-bottom:40px\">\n<h2 class=\"wp-block-heading has-text-align-center has-background-color has-text-color has-medium-font-size gutenify-section-454a8db0-3b24-11ef-b589-e1be6cf92f76\">DOANH NGHI\u1ec6P NEW ZEALAND<\/h2>\n\n\n\n<p style=\"padding-top:var(--wp--preset--spacing--40);padding-bottom:var(--wp--preset--spacing--40)\" class=\"gutenify-section-59ec8930-3b24-11ef-b589-e1be6cf92f76\">H\u00e3y li\u00ean h\u1ec7 v\u1edbi ch\u00fang t\u00f4i ngay h\u00f4m nay \u0111\u1ec3 t\u00ecm hi\u1ec3u th\u00eam v\u1ec1 c\u00e1ch ch\u00fang t\u00f4i c\u00f3 th\u1ec3 h\u1ed7 tr\u1ee3 nhu c\u1ea7u tuy\u1ec3n d\u1ee5ng c\u1ee7a b\u1ea1n! H\u1ee3p t\u00e1c v\u1edbi ch\u00fang t\u00f4i \u0111\u1ec3 \u0111\u01a1n gi\u1ea3n h\u00f3a quy tr\u00ecnh tuy\u1ec3n d\u1ee5ng v\u00e0 t\u1eadp trung v\u00e0o \u0111i\u1ec1u b\u1ea1n l\u00e0m t\u1ed1t nh\u1ea5t - ph\u00e1t tri\u1ec3n doanh nghi\u1ec7p c\u1ee7a b\u1ea1n.<\/p>\n\n\n\n<div class=\"wp-block-buttons gutenify-section-ee130cd0-0cd4-11ee-88d9-699c094e8706 is-content-justification-center is-layout-flex wp-container-core-buttons-is-layout-1 wp-block-buttons-is-layout-flex\" style=\"margin-top:35px;margin-bottom:20px\">\n<div class=\"wp-block-button is-style-fill gutenify-section-ee0e2ad0-0cd4-11ee-88d9-699c094e8706\"><a class=\"wp-block-button__link wp-element-button\" href=\"https:\/\/bevisa.co.nz\/vi\/contact-us\/\">Li\u00ean H\u1ec7<\/a><\/div>\n<\/div>\n<\/div>\n<\/div>\n<\/div><\/div>\n<\/div>","protected":false},"excerpt":{"rendered":"<p>NEW ZEALAND EMPLOYERS Are you looking to hire skilled professionals from abroad? We are here [&hellip;]<\/p>","protected":false},"author":1,"featured_media":0,"parent":0,"menu_order":0,"comment_status":"closed","ping_status":"closed","template":"","meta":{"gutenify_custom_css":"","gutenify_custom_css_data":"","footnotes":""},"_links":{"self":[{"href":"https:\/\/bevisa.co.nz\/vi\/wp-json\/wp\/v2\/pages\/317"}],"collection":[{"href":"https:\/\/bevisa.co.nz\/vi\/wp-json\/wp\/v2\/pages"}],"about":[{"href":"https:\/\/bevisa.co.nz\/vi\/wp-json\/wp\/v2\/types\/page"}],"author":[{"embeddable":true,"href":"https:\/\/bevisa.co.nz\/vi\/wp-json\/wp\/v2\/users\/1"}],"replies":[{"embeddable":true,"href":"https:\/\/bevisa.co.nz\/vi\/wp-json\/wp\/v2\/comments?post=317"}],"version-history":[{"count":22,"href":"https:\/\/bevisa.co.nz\/vi\/wp-json\/wp\/v2\/pages\/317\/revisions"}],"predecessor-version":[{"id":1555,"href":"https:\/\/bevisa.co.nz\/vi\/wp-json\/wp\/v2\/pages\/317\/revisions\/1555"}],"wp:attachment":[{"href":"https:\/\/bevisa.co.nz\/vi\/wp-json\/wp\/v2\/media?parent=317"}],"curies":[{"name":"wp","href":"https:\/\/api.w.org\/{rel}","templated":true}]}}