{"id":721,"date":"2024-07-04T00:46:52","date_gmt":"2024-07-04T00:46:52","guid":{"rendered":"https:\/\/bevisa.co.nz\/?page_id=721"},"modified":"2024-07-08T22:40:25","modified_gmt":"2024-07-08T10:40:25","slug":"about-us","status":"publish","type":"page","link":"https:\/\/bevisa.co.nz\/vi\/about-us\/","title":{"rendered":"V\u1ec0 CH\u00daNG T\u00d4I"},"content":{"rendered":"<div class=\"wp-block-group alignfull gutenify-section-6017f360-0c0b-11ee-b09c-4b7018a9c015 is-layout-constrained wp-block-group-is-layout-constrained\" style=\"padding-top:100px;padding-right:30px;padding-bottom:100px;padding-left:30px\">\n<div class=\"wp-block-columns alignwide gutenify-section-600fdd10-0c0b-11ee-b09c-4b7018a9c015 is-layout-flex wp-container-core-columns-is-layout-1 wp-block-columns-is-layout-flex\" style=\"padding-top:0;padding-right:0;padding-bottom:0;padding-left:0\">\n<div class=\"wp-block-column is-vertically-aligned-center gutenify-section-600c0c80-0c0b-11ee-b09c-4b7018a9c015 is-layout-flow wp-block-column-is-layout-flow\" style=\"flex-basis:50%\">\n<div class=\"wp-block-cover has-custom-content-position is-position-bottom-left gutenify-section-bd5b2d00-e427-11ed-aa12-7b96afc3ead5\" style=\"padding-top:var(--wp--preset--spacing--50);padding-right:var(--wp--preset--spacing--50);padding-bottom:var(--wp--preset--spacing--50);padding-left:var(--wp--preset--spacing--50);min-height:734px;aspect-ratio:unset;\"><span aria-hidden=\"true\" class=\"wp-block-cover__background has-background-dim-0 has-background-dim has-background-gradient\" style=\"background-color:#445963;background:linear-gradient(270deg,rgba(0,0,0,0) 88%,rgb(255,255,255) 88%)\"><\/span><img loading=\"lazy\" decoding=\"async\" width=\"960\" height=\"960\" class=\"wp-block-cover__image-background wp-image-1500\" alt=\"\" src=\"https:\/\/bevisa.co.nz\/wp-content\/uploads\/2024\/07\/NZ-Compass-resized.jpg\" data-object-fit=\"cover\" srcset=\"https:\/\/bevisa.co.nz\/wp-content\/uploads\/2024\/07\/NZ-Compass-resized.jpg 960w, https:\/\/bevisa.co.nz\/wp-content\/uploads\/2024\/07\/NZ-Compass-resized-300x300.jpg 300w, https:\/\/bevisa.co.nz\/wp-content\/uploads\/2024\/07\/NZ-Compass-resized-150x150.jpg 150w, https:\/\/bevisa.co.nz\/wp-content\/uploads\/2024\/07\/NZ-Compass-resized-768x768.jpg 768w, https:\/\/bevisa.co.nz\/wp-content\/uploads\/2024\/07\/NZ-Compass-resized-12x12.jpg 12w\" sizes=\"(max-width: 960px) 100vw, 960px\" \/><div class=\"wp-block-cover__inner-container is-layout-flow wp-block-cover-is-layout-flow\">\n<p class=\"has-text-align-center has-large-font-size gutenify-section-be223910-399c-11ef-84bd-c7c54b810d5f\"><\/p>\n<\/div><\/div>\n<\/div>\n\n\n\n<div class=\"wp-block-column is-vertically-aligned-center gutenify-section-600f67e0-0c0b-11ee-b09c-4b7018a9c015 is-layout-flow wp-block-column-is-layout-flow\">\n<div class=\"wp-block-group alignwide gutenify-section-600ef2b0-0c0b-11ee-b09c-4b7018a9c015 is-layout-constrained wp-container-core-group-is-layout-2 wp-block-group-is-layout-constrained\">\n<div class=\"wp-block-group gutenify-section-600ccfd0-0c0b-11ee-b09c-4b7018a9c015 is-nowrap is-layout-flex wp-container-core-group-is-layout-1 wp-block-group-is-layout-flex\">\n<p class=\"has-text-align-center has-no-hover-shadow-dark has-primary-color has-background-background-color has-text-color has-background has-small-font-size gutenify-section-81b56d20-0d11-11ee-9f35-df9dda01b8e3\" style=\"padding-top:4px;padding-right:var(--wp--preset--spacing--40);padding-bottom:4px;padding-left:var(--wp--preset--spacing--40);letter-spacing:0px\"><strong><strong>V\u1ec0 CH\u00daNG T\u00d4I<\/strong><\/strong><\/p>\n<\/div>\n\n\n\n<h2 class=\"wp-block-heading has-slider-title-font-size gutenify-section-600d1df0-0c0b-11ee-b09c-4b7018a9c015\" style=\"font-style:normal;font-weight:600;text-transform:capitalize\"><strong>Ch\u00fang T\u00f4i L\u00e0 Ai?<\/strong><\/h2>\n\n\n\n<p class=\"gutenify-section-600d6c10-0c0b-11ee-b09c-4b7018a9c015\">Ch\u00e0o m\u1eebng b\u1ea1n \u0111\u1ebfn v\u1edbi BE VISA, n\u01a1i ch\u00fang t\u00f4i cam k\u1ebft tr\u1edf th\u00e0nh \u0111\u1ed1i t\u00e1c \u0111\u00e1ng tin c\u1eady v\u00e0 chuy\u00ean nghi\u1ec7p nh\u1ea5t c\u1ee7a b\u1ea1n. S\u1ee9 m\u1ec7nh c\u1ee7a ch\u00fang t\u00f4i l\u00e0 h\u1ed7 tr\u1ee3 t\u1eadn t\u00e2m tr\u00ean m\u1ecdi b\u01b0\u1edbc \u0111\u01b0\u1eddng c\u1ee7a b\u1ea1n.<\/p>\n<\/div>\n<\/div>\n<\/div>\n\n\n\n<div class=\"wp-block-group alignfull gutenify-section-d3d75240-399c-11ef-84bd-c7c54b810d5f is-layout-constrained wp-block-group-is-layout-constrained\" style=\"padding-top:100px;padding-right:30px;padding-bottom:100px;padding-left:30px\">\n<div class=\"wp-block-columns alignwide gutenify-section-d3cd4020-399c-11ef-84bd-c7c54b810d5f is-layout-flex wp-container-core-columns-is-layout-2 wp-block-columns-is-layout-flex\" style=\"padding-top:0;padding-right:0;padding-bottom:0;padding-left:0\">\n<div class=\"wp-block-column is-vertically-aligned-center gutenify-section-d3bcc560-399c-11ef-84bd-c7c54b810d5f is-layout-flow wp-block-column-is-layout-flow\" style=\"flex-basis:50%\">\n<div class=\"wp-block-cover is-light has-custom-content-position is-position-bottom-left gutenify-section-d3ba7b70-399c-11ef-84bd-c7c54b810d5f\" style=\"padding-top:var(--wp--preset--spacing--50);padding-right:var(--wp--preset--spacing--50);padding-bottom:var(--wp--preset--spacing--50);padding-left:var(--wp--preset--spacing--50);min-height:784px;aspect-ratio:unset;\"><span aria-hidden=\"true\" class=\"wp-block-cover__background has-background-dim-0 has-background-dim has-background-gradient\" style=\"background-color:#445963;background:linear-gradient(270deg,rgba(0,0,0,0) 88%,rgb(255,255,255) 88%)\"><\/span><img loading=\"lazy\" decoding=\"async\" width=\"1024\" height=\"1024\" class=\"wp-block-cover__image-background wp-image-1513\" alt=\"\" src=\"https:\/\/bevisa.co.nz\/wp-content\/uploads\/2024\/07\/Journey-to-NZ.jpg\" data-object-fit=\"cover\" srcset=\"https:\/\/bevisa.co.nz\/wp-content\/uploads\/2024\/07\/Journey-to-NZ.jpg 1024w, https:\/\/bevisa.co.nz\/wp-content\/uploads\/2024\/07\/Journey-to-NZ-300x300.jpg 300w, https:\/\/bevisa.co.nz\/wp-content\/uploads\/2024\/07\/Journey-to-NZ-150x150.jpg 150w, https:\/\/bevisa.co.nz\/wp-content\/uploads\/2024\/07\/Journey-to-NZ-768x768.jpg 768w, https:\/\/bevisa.co.nz\/wp-content\/uploads\/2024\/07\/Journey-to-NZ-12x12.jpg 12w\" sizes=\"(max-width: 1024px) 100vw, 1024px\" \/><div class=\"wp-block-cover__inner-container is-layout-flow wp-block-cover-is-layout-flow\">\n<p class=\"has-text-align-center has-large-font-size gutenify-section-d3b83180-399c-11ef-84bd-c7c54b810d5f\"><\/p>\n<\/div><\/div>\n<\/div>\n\n\n\n<div class=\"wp-block-column is-vertically-aligned-center gutenify-section-d3cbb980-399c-11ef-84bd-c7c54b810d5f is-layout-flow wp-block-column-is-layout-flow\">\n<div class=\"wp-block-group alignwide gutenify-section-d3c8d350-399c-11ef-84bd-c7c54b810d5f is-layout-constrained wp-container-core-group-is-layout-4 wp-block-group-is-layout-constrained\">\n<div class=\"wp-block-group gutenify-section-d3c1a760-399c-11ef-84bd-c7c54b810d5f is-nowrap is-layout-flex wp-container-core-group-is-layout-3 wp-block-group-is-layout-flex\">\n<p class=\"has-text-align-center has-no-hover-shadow-dark has-primary-color has-background-background-color has-text-color has-background has-small-font-size gutenify-section-d3bf3660-399c-11ef-84bd-c7c54b810d5f\" style=\"padding-top:4px;padding-right:var(--wp--preset--spacing--40);padding-bottom:4px;padding-left:var(--wp--preset--spacing--40);letter-spacing:0px\"><strong><strong>GI\u00c1 TR\u1eca C\u1ed0T L\u00d5I<\/strong><\/strong><\/p>\n<\/div>\n\n\n\n<h2 class=\"wp-block-heading has-slider-title-font-size gutenify-section-d3c550e0-399c-11ef-84bd-c7c54b810d5f\" style=\"font-style:normal;font-weight:600;text-transform:capitalize\"><strong>Ph\u01b0\u01a1ng Ch\u00e2m Ho\u1ea1t \u0110\u1ed9ng<\/strong><\/h2>\n\n\n\n<p class=\"gutenify-section-eb52ac80-399c-11ef-84bd-c7c54b810d5f\"><strong>1. Tin C\u1eady<\/strong>&nbsp;BE VISA cung c\u1ea5p th\u00f4ng tin ch\u00ednh x\u00e1c v\u00e0 chi ti\u1ebft.<\/p>\n\n\n\n<p class=\"gutenify-section-eb543320-399c-11ef-84bd-c7c54b810d5f\"><strong>2. H\u1ed7 Tr\u1ee3<\/strong>&nbsp;BE VISA s\u1eb5n s\u00e0ng h\u01b0\u1edbng d\u1eabn v\u00e0 h\u1ed7 tr\u1ee3 b\u1ea1n b\u1ea5t c\u1ee9 l\u00fac n\u00e0o.<\/p>\n\n\n\n<p class=\"gutenify-section-eb55b9c0-399c-11ef-84bd-c7c54b810d5f\"><strong>3. T\u1eadn T\u1ee5y<\/strong>&nbsp;BE VISA cam k\u1ebft t\u1eadn t\u00e2m h\u1ed7 tr\u1ee3 b\u1ea1n trong h\u00e0nh tr\u00ecnh \u0111\u1ebfn New Zealand.<\/p>\n\n\n\n<p class=\"gutenify-section-eb571950-399c-11ef-84bd-c7c54b810d5f\"><strong>4. \u0110\u1ed3ng C\u1ea3m<\/strong>&nbsp;BE VISA th\u1ea5u hi\u1ec3u nh\u1eefng kh\u00f3 kh\u0103n v\u00e0 th\u00e1ch th\u1ee9c c\u1ee7a b\u1ea1n. Ch\u00fang t\u00f4i s\u1ebd lu\u00f4n \u0111\u1ed3ng h\u00e0nh c\u00f9ng b\u1ea1n v\u1edbi s\u1ef1 \u0111\u1ed3ng c\u1ea3m v\u00e0 t\u1eadn t\u00ecnh.<\/p>\n\n\n\n<p class=\"gutenify-section-eb5fa4d0-399c-11ef-84bd-c7c54b810d5f\"><strong>5. Ch\u00ednh Tr\u1ef1c<\/strong>&nbsp;BE VISA gi\u1eef v\u1eefng c\u00e1c ti\u00eau chu\u1ea9n cao nh\u1ea5t v\u1ec1 \u0111\u1ea1o \u0111\u1ee9c v\u00e0 chuy\u00ean nghi\u1ec7p trong t\u1ea5t c\u1ea3 c\u00e1c giao ti\u1ebfp.<\/p>\n<\/div>\n\n\n\n<div class=\"wp-block-gutenify-buttons wp-block-buttons gutenify-buttons-version-2 gutenify-section-0283b750-399d-11ef-84bd-c7c54b810d5f\">\n<div class=\"wp-block-gutenify-button wp-block-button gutenify-button-version-2 gutenify-section-029e4430-399d-11ef-84bd-c7c54b810d5f\"><a href=\"https:\/\/bevisa.co.nz\/vi\/#Services-Block\" class=\"gutenify-button-link wp-block-button__link\"><span>T\u00ecm Hi\u1ec3u Th\u00eam<\/span><\/a><\/div>\n<\/div>\n<\/div>\n<\/div>\n<\/div>\n<\/div>\n\n\n\n<div class=\"wp-block-group alignfull has-foreground-background-color has-background gutenify-section-4e1bace0-399d-11ef-84bd-c7c54b810d5f is-layout-constrained wp-block-group-is-layout-constrained\" style=\"border-style:none;border-width:0px;padding-top:100px;padding-right:30px;padding-bottom:100px;padding-left:30px\">\n<div class=\"wp-block-group alignwide gutenify-section-4d9fed30-399d-11ef-84bd-c7c54b810d5f is-layout-flow wp-container-core-group-is-layout-9 wp-block-group-is-layout-flow\" style=\"min-height:0px;margin-top:0;margin-bottom:0;padding-bottom:30px\">\n<div class=\"wp-block-group gutenify-section-4d9cdff0-399d-11ef-84bd-c7c54b810d5f is-content-justification-center is-nowrap is-layout-flex wp-container-core-group-is-layout-8 wp-block-group-is-layout-flex\" style=\"padding-top:0px;padding-right:0px;padding-bottom:0px;padding-left:0px\">\n<div class=\"wp-block-group gutenify-section-4d99d2b0-399d-11ef-84bd-c7c54b810d5f is-layout-constrained wp-container-core-group-is-layout-7 wp-block-group-is-layout-constrained\">\n<h2 class=\"wp-block-heading has-text-align-center animated animated-fadeInUp has-background-color has-text-color has-slider-title-font-size gutenify-section-4d97d6e0-399d-11ef-84bd-c7c54b810d5f\" style=\"line-height:1.5;text-transform:capitalize\">Ban \u0110i\u1ec1u H\u00e0nh<\/h2>\n<\/div>\n<\/div>\n<\/div>\n\n\n\n<div class=\"wp-block-columns alignwide gutenify-section-4e189fa0-399d-11ef-84bd-c7c54b810d5f is-layout-flex wp-container-core-columns-is-layout-3 wp-block-columns-is-layout-flex\">\n<div class=\"wp-block-column is-vertically-aligned-top gutenify-section-4dbdae60-399d-11ef-84bd-c7c54b810d5f is-layout-flow wp-block-column-is-layout-flow\">\n<div class=\"wp-block-group alignwide has-shadow-dark animated animated-fadeInUp has-background-background-color has-background gutenify-section-4dbac830-399d-11ef-84bd-c7c54b810d5f is-layout-constrained wp-container-core-group-is-layout-12 wp-block-group-is-layout-constrained\" style=\"border-radius:0px;padding-top:0px;padding-right:0px;padding-bottom:0px;padding-left:0px\">\n<div class=\"wp-block-group gutenify-section-4da655d0-399d-11ef-84bd-c7c54b810d5f is-layout-flow wp-block-group-is-layout-flow\">\n<figure class=\"wp-block-image aligncenter size-full has-custom-border image-zoom-hover gutenify-section-4da45a00-399d-11ef-84bd-c7c54b810d5f\"><img loading=\"lazy\" decoding=\"async\" width=\"2031\" height=\"2031\" src=\"https:\/\/bevisa.co.nz\/wp-content\/uploads\/2024\/07\/Hien-Finish.jpg\" alt=\"\" class=\"wp-image-1516\" style=\"border-radius:0px\" srcset=\"https:\/\/bevisa.co.nz\/wp-content\/uploads\/2024\/07\/Hien-Finish.jpg 2031w, https:\/\/bevisa.co.nz\/wp-content\/uploads\/2024\/07\/Hien-Finish-300x300.jpg 300w, https:\/\/bevisa.co.nz\/wp-content\/uploads\/2024\/07\/Hien-Finish-1024x1024.jpg 1024w, https:\/\/bevisa.co.nz\/wp-content\/uploads\/2024\/07\/Hien-Finish-150x150.jpg 150w, https:\/\/bevisa.co.nz\/wp-content\/uploads\/2024\/07\/Hien-Finish-768x768.jpg 768w, https:\/\/bevisa.co.nz\/wp-content\/uploads\/2024\/07\/Hien-Finish-1536x1536.jpg 1536w, https:\/\/bevisa.co.nz\/wp-content\/uploads\/2024\/07\/Hien-Finish-12x12.jpg 12w\" sizes=\"(max-width: 2031px) 100vw, 2031px\" \/><\/figure>\n<\/div>\n\n\n\n<div class=\"wp-block-group gutenify-section-4db793e0-399d-11ef-84bd-c7c54b810d5f is-layout-flow wp-container-core-group-is-layout-11 wp-block-group-is-layout-flow\" style=\"border-radius:0px;padding-top:30px;padding-right:40px;padding-bottom:30px;padding-left:40px\">\n<h3 class=\"wp-block-heading has-text-align-center has-link-color has-big-font-size gutenify-section-4da96310-399d-11ef-84bd-c7c54b810d5f wp-elements-67766823f2021dc6b761f5a5fadcd6b3\" style=\"margin-top:0px;margin-right:0px;margin-bottom:0px;margin-left:0px\"><a href=\"#\">Helen Nguyen<\/a><\/h3>\n\n\n\n<p class=\"has-text-align-center has-body-text-color has-text-color gutenify-section-4dab5ee0-399d-11ef-84bd-c7c54b810d5f\"><strong>Gi\u00e1m \u0110\u1ed1c<\/strong><\/p>\n\n\n\n<p class=\"has-text-align-center has-body-text-color has-text-color gutenify-section-b71cee70-399d-11ef-84bd-c7c54b810d5f\"><strong>C\u1ed1 v\u1ea5n di tr\u00fa<\/strong><\/p>\n\n\n\n<p class=\"has-text-align-center has-body-text-color has-text-color gutenify-section-90c79860-3a4c-11ef-a95c-5917b1c8f1c4\">Licence #202400044<\/p>\n<\/div>\n<\/div>\n<\/div>\n\n\n\n<div class=\"wp-block-column is-vertically-aligned-top gutenify-section-4dda3710-399d-11ef-84bd-c7c54b810d5f is-layout-flow wp-block-column-is-layout-flow\">\n<div class=\"wp-block-group alignwide has-shadow-dark animated animated-fadeInUp has-background-background-color has-background gutenify-section-4dd729d0-399d-11ef-84bd-c7c54b810d5f is-layout-constrained wp-container-core-group-is-layout-15 wp-block-group-is-layout-constrained\" style=\"border-radius:0px;padding-top:0px;padding-right:0px;padding-bottom:0px;padding-left:0px\">\n<div class=\"wp-block-group gutenify-section-4dc17ef0-399d-11ef-84bd-c7c54b810d5f is-layout-flow wp-block-group-is-layout-flow\">\n<figure class=\"wp-block-image aligncenter size-full has-custom-border image-zoom-hover is-style-default gutenify-section-4dbfaa30-399d-11ef-84bd-c7c54b810d5f\"><img loading=\"lazy\" decoding=\"async\" width=\"1927\" height=\"1927\" src=\"https:\/\/bevisa.co.nz\/wp-content\/uploads\/2024\/07\/01-07-2024-Finish.jpg\" alt=\"\" class=\"wp-image-1517\" style=\"border-radius:0px\" srcset=\"https:\/\/bevisa.co.nz\/wp-content\/uploads\/2024\/07\/01-07-2024-Finish.jpg 1927w, https:\/\/bevisa.co.nz\/wp-content\/uploads\/2024\/07\/01-07-2024-Finish-300x300.jpg 300w, https:\/\/bevisa.co.nz\/wp-content\/uploads\/2024\/07\/01-07-2024-Finish-1024x1024.jpg 1024w, https:\/\/bevisa.co.nz\/wp-content\/uploads\/2024\/07\/01-07-2024-Finish-150x150.jpg 150w, https:\/\/bevisa.co.nz\/wp-content\/uploads\/2024\/07\/01-07-2024-Finish-768x768.jpg 768w, https:\/\/bevisa.co.nz\/wp-content\/uploads\/2024\/07\/01-07-2024-Finish-1536x1536.jpg 1536w, https:\/\/bevisa.co.nz\/wp-content\/uploads\/2024\/07\/01-07-2024-Finish-12x12.jpg 12w\" sizes=\"(max-width: 1927px) 100vw, 1927px\" \/><\/figure>\n<\/div>\n\n\n\n<div class=\"wp-block-group gutenify-section-4dd3a760-399d-11ef-84bd-c7c54b810d5f is-layout-flow wp-container-core-group-is-layout-14 wp-block-group-is-layout-flow\" style=\"border-radius:0px;padding-top:30px;padding-right:40px;padding-bottom:30px;padding-left:40px\">\n<h3 class=\"wp-block-heading has-text-align-center has-link-color has-big-font-size gutenify-section-4dc48c30-399d-11ef-84bd-c7c54b810d5f wp-elements-4003f50322659485e16ea60f526b0d9a\" style=\"margin-top:0px;margin-right:0px;margin-bottom:0px;margin-left:0px\"><a href=\"#\">Phil Tran<\/a><\/h3>\n\n\n\n<p class=\"has-text-align-center has-body-text-color has-text-color gutenify-section-4dc6af10-399d-11ef-84bd-c7c54b810d5f\"><strong>Qu\u1ea3n L\u00fd V\u1eadn H\u00e0nh<\/strong><\/p>\n\n\n\n<p class=\"has-text-align-center has-background-color has-text-color gutenify-section-e705b930-399f-11ef-84bd-c7c54b810d5f\">N\/A<\/p>\n\n\n\n<p class=\"has-text-align-center has-background-color has-text-color has-link-color has-small-font-size gutenify-section-12caad20-3a4d-11ef-a95c-5917b1c8f1c4 wp-elements-d36d025d5cca1b6ae341a4a38e5b2b29\">N\/A<\/p>\n<\/div>\n<\/div>\n<\/div>\n\n\n\n<div class=\"wp-block-column is-vertically-aligned-top gutenify-section-54bd56e0-39a0-11ef-84bd-c7c54b810d5f is-layout-flow wp-block-column-is-layout-flow\">\n<div class=\"wp-block-group alignwide has-shadow-dark animated animated-fadeInUp has-background-background-color has-background gutenify-section-54b98650-39a0-11ef-84bd-c7c54b810d5f is-layout-constrained wp-container-core-group-is-layout-19 wp-block-group-is-layout-constrained\" style=\"border-radius:0px;padding-top:0px;padding-right:0px;padding-bottom:0px;padding-left:0px\">\n<div class=\"wp-block-group alignwide has-shadow-dark animated animated-fadeInUp has-background-background-color has-background gutenify-section-3994ae00-3a4e-11ef-a95c-5917b1c8f1c4 is-layout-constrained wp-container-core-group-is-layout-18 wp-block-group-is-layout-constrained\" style=\"border-radius:0px;padding-top:0px;padding-right:0px;padding-bottom:0px;padding-left:0px\">\n<div class=\"wp-block-group gutenify-section-39825e80-3a4e-11ef-a95c-5917b1c8f1c4 is-layout-flow wp-block-group-is-layout-flow\">\n<figure class=\"wp-block-image aligncenter size-full is-resized has-custom-border image-zoom-hover gutenify-section-397f9f60-3a4e-11ef-a95c-5917b1c8f1c4\"><img loading=\"lazy\" decoding=\"async\" width=\"1532\" height=\"1532\" src=\"https:\/\/bevisa.co.nz\/wp-content\/uploads\/2024\/07\/Khanh.jpg\" alt=\"\" class=\"wp-image-1518\" style=\"border-radius:0px;width:369px;height:auto\" srcset=\"https:\/\/bevisa.co.nz\/wp-content\/uploads\/2024\/07\/Khanh.jpg 1532w, https:\/\/bevisa.co.nz\/wp-content\/uploads\/2024\/07\/Khanh-300x300.jpg 300w, https:\/\/bevisa.co.nz\/wp-content\/uploads\/2024\/07\/Khanh-1024x1024.jpg 1024w, https:\/\/bevisa.co.nz\/wp-content\/uploads\/2024\/07\/Khanh-150x150.jpg 150w, https:\/\/bevisa.co.nz\/wp-content\/uploads\/2024\/07\/Khanh-768x768.jpg 768w, https:\/\/bevisa.co.nz\/wp-content\/uploads\/2024\/07\/Khanh-12x12.jpg 12w\" sizes=\"(max-width: 1532px) 100vw, 1532px\" \/><\/figure>\n<\/div>\n\n\n\n<div class=\"wp-block-group gutenify-section-398eba90-3a4e-11ef-a95c-5917b1c8f1c4 is-layout-flow wp-container-core-group-is-layout-17 wp-block-group-is-layout-flow\" style=\"border-radius:0px;padding-top:30px;padding-right:40px;padding-bottom:30px;padding-left:40px\">\n<h3 class=\"wp-block-heading has-text-align-center has-link-color has-big-font-size gutenify-section-39856bc0-3a4e-11ef-a95c-5917b1c8f1c4 wp-elements-19df27f9b8ce72cb25e1a4c2bc262db0\" style=\"margin-top:0px;margin-right:0px;margin-bottom:0px;margin-left:0px\"><a href=\"#\">Kate Do<\/a><\/h3>\n\n\n\n<p class=\"has-text-align-center has-body-text-color has-text-color gutenify-section-39874080-3a4e-11ef-a95c-5917b1c8f1c4\"><strong>Qu\u1ea3n L\u00fd Marketing<\/strong><\/p>\n\n\n\n<p class=\"has-text-align-center has-background-color has-text-color gutenify-section-39896360-3a4e-11ef-a95c-5917b1c8f1c4\">N\/A<\/p>\n\n\n\n<p class=\"has-text-align-center has-background-color has-text-color has-link-color has-small-font-size gutenify-section-398bd460-3a4e-11ef-a95c-5917b1c8f1c4 wp-elements-9b819512eea2c120e2cb8da0114dcc69\">N\/A<\/p>\n<\/div>\n<\/div>\n<\/div>\n<\/div>\n<\/div>\n<\/div>","protected":false},"excerpt":{"rendered":"<p>ABOUT US Who Are We? Welcome to BE VISA, where we are dedicated to being [&hellip;]<\/p>","protected":false},"author":1,"featured_media":0,"parent":0,"menu_order":0,"comment_status":"closed","ping_status":"closed","template":"","meta":{"gutenify_custom_css":"","gutenify_custom_css_data":"","footnotes":""},"_links":{"self":[{"href":"https:\/\/bevisa.co.nz\/vi\/wp-json\/wp\/v2\/pages\/721"}],"collection":[{"href":"https:\/\/bevisa.co.nz\/vi\/wp-json\/wp\/v2\/pages"}],"about":[{"href":"https:\/\/bevisa.co.nz\/vi\/wp-json\/wp\/v2\/types\/page"}],"author":[{"embeddable":true,"href":"https:\/\/bevisa.co.nz\/vi\/wp-json\/wp\/v2\/users\/1"}],"replies":[{"embeddable":true,"href":"https:\/\/bevisa.co.nz\/vi\/wp-json\/wp\/v2\/comments?post=721"}],"version-history":[{"count":32,"href":"https:\/\/bevisa.co.nz\/vi\/wp-json\/wp\/v2\/pages\/721\/revisions"}],"predecessor-version":[{"id":1522,"href":"https:\/\/bevisa.co.nz\/vi\/wp-json\/wp\/v2\/pages\/721\/revisions\/1522"}],"wp:attachment":[{"href":"https:\/\/bevisa.co.nz\/vi\/wp-json\/wp\/v2\/media?parent=721"}],"curies":[{"name":"wp","href":"https:\/\/api.w.org\/{rel}","templated":true}]}}